{"id":1471,"date":"2017-03-10T20:50:19","date_gmt":"2017-03-10T19:50:19","guid":{"rendered":"http:\/\/www.pgdig.si\/?page_id=1471"},"modified":"2017-03-10T20:55:06","modified_gmt":"2017-03-10T19:55:06","slug":"obcni-zbor-mladine","status":"publish","type":"page","link":"https:\/\/nova.pgdig.si\/?page_id=1471","title":{"rendered":"Ob\u010dni zbor mladine"},"content":{"rendered":"<p>V \u010detrtek, 9.3.2017 ob 17.00, so se skupaj z mentorico mladine Vesno Toni, v prostorih gasilnega doma na Ig-u zbrali najmlaj\u0161i \u010dlani Prostovoljnega gasilskega dru\u0161tva Ig na Ob\u010dnem zboru mladine. Skupaj so sestavili vodstvo in se pogovarjali kaj so po\u010deli preteklo leto in kak\u0161ne na\u010drte imajo za leto 2017.<br \/>\nPridru\u017eil se jim je tudi predsednik dru\u0161tva Toma\u017e Strle in pa pod\u017eupan ob\u010dine Ig g.Franc Toni.<\/p>\n<div class=\"gallery_box\">\t\t\t\t\t\t<div class=\"gallery_box_single\">\n\t\t\t\t\t\t\tV \u010detrtek, 9.3.2017 ob 17.00, so se skupaj z mentorico mladine Vesno Toni, v prostorih gasilnega doma na Ig-u zbrali najmlaj\u0161i \u010dlani Prostovoljnega gasilskega dru\u0161tva Ig na Ob\u010dnem zboru mladine. Skupaj so sestavili vodstvo in se pogovarjali kaj so po\u010deli preteklo leto in kak\u0161ne na\u010drte imajo za leto 2017.\r\nPridru\u017eil se jim je tudi predsednik dru\u0161tva Toma\u017e Strle in pa pod\u017eupan ob\u010dine Ig g.Franc Toni.\t\t\t\t\t\t\t\t<div class=\"gallery gllr_grid\" data-gllr-columns=\"3\" data-gllr-border-width=\"10\">\n\t\t\t\t\t\t\t\t\t\t\t\t\t\t\t\t\t\t\t\t<div class=\"gllr_image_row\">\n\t\t\t\t\t\t\t\t\t\t\t\t\t\t\t\t\t\t\t\t\t<div class=\"gllr_image_block\">\n\t\t\t\t\t\t\t\t\t\t\t\t<p style=\"width:220px;height:220px;\">\n\t\t\t\t\t\t\t\t\t\t\t\t\t\t\t\t\t\t\t\t\t\t\t\t\t\t\t\t<a data-fancybox=\"gallery_fancybox_1461\" href=\"https:\/\/nova.pgdig.si\/wp-content\/uploads\/2017\/03\/17194158_1365303273492382_311717130_o-1024x768.jpg\" title=\"\" >\n\t\t\t\t\t\t\t\t\t\t\t\t\t\t\t\t<img width=\"200\"height=\"200\" style=\"width:200px;height:200px;border-width: 10px; border-color:#F1F1F1;border: 10px solid #F1F1F1\" alt=\"\" title=\"\" src=\"https:\/\/nova.pgdig.si\/wp-content\/uploads\/2017\/03\/17194158_1365303273492382_311717130_o-200x200.jpg\" rel=\"https:\/\/nova.pgdig.si\/wp-content\/uploads\/2017\/03\/17194158_1365303273492382_311717130_o.jpg\" \/>\n\t\t\t\t\t\t\t\t\t\t\t\t\t\t\t<\/a>\n\t\t\t\t\t\t\t\t\t\t\t\t\t\t\t\t\t\t\t\t\t\t\t\t\t<\/p>\n\t\t\t\t\t\t\t\t\t\t\t\t\t\t\t\t\t\t\t\t\t\t\t\t\t<div style=\"width:220px;\" class=\"gllr_single_image_text gllr_single_image_text_under\">&nbsp;<\/div>\n\t\t\t\t\t\t\t\t\t\t\t\t\t\t\t\t\t\t\t\t\t\t\t<\/div><!-- .gllr_image_block -->\n\t\t\t\t\t\t\t\t\t\t\t\t\t\t\t\t\t\t\t\t\t<div class=\"gllr_image_block\">\n\t\t\t\t\t\t\t\t\t\t\t\t<p style=\"width:220px;height:220px;\">\n\t\t\t\t\t\t\t\t\t\t\t\t\t\t\t\t\t\t\t\t\t\t\t\t\t\t\t\t<a data-fancybox=\"gallery_fancybox_1461\" href=\"https:\/\/nova.pgdig.si\/wp-content\/uploads\/2017\/03\/17236945_1365303760159000_900718458_o-1024x768.jpg\" title=\"\" >\n\t\t\t\t\t\t\t\t\t\t\t\t\t\t\t\t<img width=\"200\"height=\"200\" style=\"width:200px;height:200px;border-width: 10px; border-color:#F1F1F1;border: 10px solid #F1F1F1\" alt=\"\" title=\"\" src=\"https:\/\/nova.pgdig.si\/wp-content\/uploads\/2017\/03\/17236945_1365303760159000_900718458_o-200x200.jpg\" rel=\"https:\/\/nova.pgdig.si\/wp-content\/uploads\/2017\/03\/17236945_1365303760159000_900718458_o.jpg\" \/>\n\t\t\t\t\t\t\t\t\t\t\t\t\t\t\t<\/a>\n\t\t\t\t\t\t\t\t\t\t\t\t\t\t\t\t\t\t\t\t\t\t\t\t\t<\/p>\n\t\t\t\t\t\t\t\t\t\t\t\t\t\t\t\t\t\t\t\t\t\t\t\t\t<div style=\"width:220px;\" class=\"gllr_single_image_text gllr_single_image_text_under\">&nbsp;<\/div>\n\t\t\t\t\t\t\t\t\t\t\t\t\t\t\t\t\t\t\t\t\t\t\t<\/div><!-- .gllr_image_block -->\n\t\t\t\t\t\t\t\t\t\t\t\t\t\t\t\t\t\t\t\t\t<div class=\"gllr_image_block\">\n\t\t\t\t\t\t\t\t\t\t\t\t<p style=\"width:220px;height:220px;\">\n\t\t\t\t\t\t\t\t\t\t\t\t\t\t\t\t\t\t\t\t\t\t\t\t\t\t\t\t<a data-fancybox=\"gallery_fancybox_1461\" href=\"https:\/\/nova.pgdig.si\/wp-content\/uploads\/2017\/03\/17175909_1365303646825678_1141962967_o-1024x768.jpg\" title=\"\" >\n\t\t\t\t\t\t\t\t\t\t\t\t\t\t\t\t<img width=\"200\"height=\"200\" style=\"width:200px;height:200px;border-width: 10px; border-color:#F1F1F1;border: 10px solid #F1F1F1\" alt=\"\" title=\"\" src=\"https:\/\/nova.pgdig.si\/wp-content\/uploads\/2017\/03\/17175909_1365303646825678_1141962967_o-200x200.jpg\" rel=\"https:\/\/nova.pgdig.si\/wp-content\/uploads\/2017\/03\/17175909_1365303646825678_1141962967_o.jpg\" \/>\n\t\t\t\t\t\t\t\t\t\t\t\t\t\t\t<\/a>\n\t\t\t\t\t\t\t\t\t\t\t\t\t\t\t\t\t\t\t\t\t\t\t\t\t<\/p>\n\t\t\t\t\t\t\t\t\t\t\t\t\t\t\t\t\t\t\t\t\t\t\t\t\t<div style=\"width:220px;\" class=\"gllr_single_image_text gllr_single_image_text_under\">&nbsp;<\/div>\n\t\t\t\t\t\t\t\t\t\t\t\t\t\t\t\t\t\t\t\t\t\t\t<\/div><!-- .gllr_image_block -->\n\t\t\t\t\t\t\t\t\t\t\t\t\t\t\t\t\t\t\t\t\t<\/div><!-- .gllr_image_row -->\n\t\t\t\t\t\t\t\t\t\t\t\t\t\t\t\t\t\t<\/div><!-- .gallery.clearfix -->\n\t\t\t\t\t\t\t\t\t\t\t\t\t<\/div><!-- .gallery_box_single -->\n\t\t\t\t\t\t<div class=\"gllr_clear\"><\/div>\n\t\t\t\t\t<\/div>\n","protected":false},"excerpt":{"rendered":"<p>V \u010detrtek, 9.3.2017 ob 17.00, so se skupaj z mentorico mladine Vesno Toni, v prostorih gasilnega doma na Ig-u zbrali najmlaj\u0161i \u010dlani Prostovoljnega gasilskega dru\u0161tva Ig na Ob\u010dnem zboru mladine. <a class=\"more-link\" href=\"https:\/\/nova.pgdig.si\/?gallery=obcni-zbor-mladine\">Prika\u017ei ve\u010d\u2192<\/a><\/p>\n","protected":false},"author":1,"featured_media":0,"parent":0,"menu_order":0,"comment_status":"closed","ping_status":"closed","template":"","meta":[],"_links":{"self":[{"href":"https:\/\/nova.pgdig.si\/index.php?rest_route=\/wp\/v2\/pages\/1471"}],"collection":[{"href":"https:\/\/nova.pgdig.si\/index.php?rest_route=\/wp\/v2\/pages"}],"about":[{"href":"https:\/\/nova.pgdig.si\/index.php?rest_route=\/wp\/v2\/types\/page"}],"author":[{"embeddable":true,"href":"https:\/\/nova.pgdig.si\/index.php?rest_route=\/wp\/v2\/users\/1"}],"replies":[{"embeddable":true,"href":"https:\/\/nova.pgdig.si\/index.php?rest_route=%2Fwp%2Fv2%2Fcomments&post=1471"}],"version-history":[{"count":3,"href":"https:\/\/nova.pgdig.si\/index.php?rest_route=\/wp\/v2\/pages\/1471\/revisions"}],"predecessor-version":[{"id":1476,"href":"https:\/\/nova.pgdig.si\/index.php?rest_route=\/wp\/v2\/pages\/1471\/revisions\/1476"}],"wp:attachment":[{"href":"https:\/\/nova.pgdig.si\/index.php?rest_route=%2Fwp%2Fv2%2Fmedia&parent=1471"}],"curies":[{"name":"wp","href":"https:\/\/api.w.org\/{rel}","templated":true}]}}