{"id":154,"date":"2013-01-29T15:51:02","date_gmt":"2013-01-29T14:51:02","guid":{"rendered":"http:\/\/www.pgdig.si\/?page_id=154"},"modified":"2017-01-04T20:15:55","modified_gmt":"2017-01-04T19:15:55","slug":"zgodovina","status":"publish","type":"page","link":"https:\/\/nova.pgdig.si\/?page_id=154","title":{"rendered":"Zgodovina"},"content":{"rendered":"<h3>Ustanovitev Prostovoljnega gasilskega dru\u0161tva Ig<\/h3>\n<p>Kakor povsod po Slovenskem so tudi v na\u0161ih vaseh v \u010dasu narodnopoliti\u010dnega gibanja nastajala razna dru\u0161tva, ki so razgibala \u017eivljenje, predvsem gasilska dru\u0161tva. Po ustanovitvi prvih dru\u0161tev so se le-ta naglo \u0161irila po de\u017eeli. Neposredni povod za ustanovitev je bil manj\u0161i ali ve\u010dji po\u017ear v vasi. V I\u0161ki Loki je leta 1876 zgorelo 26 poslopij, sredi poletja leta 1879 je hud po\u017ear zajel Studenec \u2013 Ig. Gasilcem iz Ljubljane je uspelo po\u017ear omejiti, toda zgorelo je 48 poslopij.<\/p>\n<div id=\"attachment_1395\" style=\"width: 159px\" class=\"wp-caption alignleft\"><img aria-describedby=\"caption-attachment-1395\" loading=\"lazy\" class=\"wp-image-1395\" src=\"http:\/\/nova.pgdig.si\/wp-content\/uploads\/2013\/01\/Slika_2.jpg\" alt=\"slika_2\" width=\"149\" height=\"235\" \/><p id=\"caption-attachment-1395\" class=\"wp-caption-text\">France Govekar<\/p><\/div>\n<p>&nbsp;<\/p>\n<p>I\u017eanski u\u010ditelj France Govekar, gra\u0161\u010dinski oskrbnik Minatti in nadu\u010ditelj Franc Ksaverij Tro\u0161t so dali pobudo za ustanovitev Prostovoljnega gasilskega dru\u0161tva Ig. \u010clana pripravljalnega odbora sta bila \u0161e \u010devljarski mojster Avanzo (na Gri\u010du) in \u017eupan \u0160enk. Dru\u0161tvo je od za\u010detkov, od leta 1883, predvsem finan\u010dno podpiral turja\u0161ki grof, ki je bil tudi \u010dastni \u010dlan dru\u0161tva.<\/p>\n<p>&nbsp;<\/p>\n<div id=\"attachment_1396\" style=\"width: 168px\" class=\"wp-caption alignright\"><img aria-describedby=\"caption-attachment-1396\" loading=\"lazy\" class=\"wp-image-1396\" src=\"http:\/\/nova.pgdig.si\/wp-content\/uploads\/2013\/01\/Slika_4.jpg\" alt=\"slika_4\" width=\"158\" height=\"255\" \/><p id=\"caption-attachment-1396\" class=\"wp-caption-text\">Fran Ksaverij Tro\u0161t<\/p><\/div>\n<p>&nbsp;<\/p>\n<p>Dru\u0161tvo je \u0161e posebej za\u017eivelo, ko je Franc Ksaverij Tro\u0161t postal na\u010delnik dru\u0161tva. Postal je tudi tajnik De\u017eelne zveze gasilcev na Kranjskem in prvi urednik Gasilca (urejal 1897-1912).<\/p>\n<p>Povsod po vaseh so imela dru\u0161tva gasilske domove, izpopolnjevala so gasilno orodje in priprave, organizirala gasilske vaje in priljubljena tekmovanja gasilskih \u010det ter prirejala veselice.<\/p>\n<p>&nbsp;<\/p>\n<p>Leta 1933 je dru\u0161tvo praznovalo 50-letnico delovanja. Na slovesnost so bili preko Gasilca povabljeni gasilci iz vse Slovenije. Na slovesnosti je bila blagoslovljena prva motorna brizgalna ILO, ki jo je dru\u0161tvo dobilo. Slovesnosti se je udele\u017eil ban Dravske banovine Marko Natla\u010den. Prisotna sta bila tudi Jo\u017ee Palme in njegova \u017eena Antonija, lastnika i\u017eanskega gradu. Bila sta \u010dastna \u010dlana dru\u0161tva. Prisoten je bil tudi takratni \u017eupan Jo\u017ee Hitejc.<\/p>\n<h3>Prostovoljno gasilsko dru\u0161tvo Ig med drugo svetovno vojno in po njej<\/h3>\n<p>Ko je na\u0161 del Slovenije okupirala italijanska vojska, so zasedli tudi gasilske domove, deloma voja\u0161tvo, deloma milica. Gasilski domovi so dobili celo stalne oddelke italijanskega gasilstva, ki so pri\u0161li iz Trsta in Gorice. Italijanski gasilci so bili dodeljeni ljubljanski poklicni \u010deti in prostovoljnim gasilskim \u010detam: Dobrova, Ig, Horjul, Brezovica, Blatna Brezovica, Vnanje Gorice in Logatec.<\/p>\n<div id=\"attachment_1397\" style=\"width: 380px\" class=\"wp-caption aligncenter\"><img aria-describedby=\"caption-attachment-1397\" loading=\"lazy\" class=\"wp-image-1397 \" src=\"http:\/\/nova.pgdig.si\/wp-content\/uploads\/2013\/01\/Slika_3-400x219.jpg\" alt=\"slika_3\" width=\"370\" height=\"203\" srcset=\"https:\/\/nova.pgdig.si\/wp-content\/uploads\/2013\/01\/Slika_3-400x219.jpg 400w, https:\/\/nova.pgdig.si\/wp-content\/uploads\/2013\/01\/Slika_3-768x421.jpg 768w, https:\/\/nova.pgdig.si\/wp-content\/uploads\/2013\/01\/Slika_3-1024x561.jpg 1024w\" sizes=\"(max-width: 370px) 100vw, 370px\" \/><p id=\"caption-attachment-1397\" class=\"wp-caption-text\">I\u017eanski gasilci leta 1923<\/p><\/div>\n<p>Okupacija leta 1942 je uni\u010dila veliko opreme, ki jo je imelo gasilsko dru\u0161tvo. Tedaj je bila uni\u010dena tudi kronika.<\/p>\n<p>Po vojni smo gasilci zopet izpopolnili gasilsko orodje, od ro\u010dne do motorne brizgalne \u00bbRakovice\u00ab, ki smo jo nabavili leta 1953 s prostovoljnimi prispevki krajanov. Ustanovljena je bila tudi mo\u010dna \u017eenska desetina s 23 gasilkami.<\/p>\n<p>Leta 1955 je bila kupljena tedaj zelo sodobna prikolica za prevoz gasilskega orodja. Uporabljena je bila ob po\u017earu Badignalove hi\u0161e leta 1958.<\/p>\n<div id=\"attachment_1398\" style=\"width: 310px\" class=\"wp-caption aligncenter\"><img aria-describedby=\"caption-attachment-1398\" loading=\"lazy\" class=\"wp-image-1398\" src=\"http:\/\/nova.pgdig.si\/wp-content\/uploads\/2013\/01\/Slika_23-400x241.jpg\" alt=\"slika_23\" width=\"300\" height=\"184\" \/><p id=\"caption-attachment-1398\" class=\"wp-caption-text\">Prevzem gasilske prikolice v Vrhniki<\/p><\/div>\n<p>Leta 1963 je dru\u0161tvo praznovalo 80-letnico delovanja. Ob tej prilo\u017enosti smo razvili prapor in priredili parado v sredi\u0161\u010du Iga.<\/p>\n<div id=\"attachment_1399\" style=\"width: 338px\" class=\"wp-caption aligncenter\"><img aria-describedby=\"caption-attachment-1399\" loading=\"lazy\" class=\"wp-image-1399\" src=\"http:\/\/nova.pgdig.si\/wp-content\/uploads\/2013\/01\/Slika_26-400x272.jpg\" alt=\"slika_26\" width=\"328\" height=\"226\" \/><p id=\"caption-attachment-1399\" class=\"wp-caption-text\">Razvitje prapora ob 80.obletnici<\/p><\/div>\n<div id=\"attachment_1400\" style=\"width: 346px\" class=\"wp-caption aligncenter\"><img aria-describedby=\"caption-attachment-1400\" loading=\"lazy\" class=\"wp-image-1400\" src=\"http:\/\/nova.pgdig.si\/wp-content\/uploads\/2013\/01\/Slika_27-400x260.jpg\" alt=\"slika_27\" width=\"336\" height=\"222\" \/><p id=\"caption-attachment-1400\" class=\"wp-caption-text\">Parada leta 1963<\/p><\/div>\n<p>Leta 1969 se je pokazala potreba po novem avtomobilu. Kupljen je bil kombi IMV 1600. Tudi starej\u0161e motorne brizgalne niso ve\u010d ustrezale potrebam za\u0161\u010dite in re\u0161evanja, zato je bila leta 1972 kupljena nova motorna brizgalna Rosenbauer 800 l, ki je \u0161e vedno v uporabi.<\/p>\n<div id=\"attachment_941\" style=\"width: 253px\" class=\"wp-caption aligncenter\"><img aria-describedby=\"caption-attachment-941\" loading=\"lazy\" class=\"wp-image-941\" src=\"http:\/\/nova.pgdig.si\/wp-content\/uploads\/2016\/04\/Optimized-IMG_0604-400x300.jpg\" alt=\"Optimized-IMG_0604\" width=\"243\" height=\"184\" \/><p id=\"caption-attachment-941\" class=\"wp-caption-text\">Motorna brizgalna Rosenbauer<\/p><\/div>\n<h3>Prostovoljno gasilsko dru\u0161tvo Ig praznuje 100-letnico<\/h3>\n<p>V letih 1982 in 1983, ob 100-letnici, se je delno obnovil stari gasilski dom. Pri tem naj omenimo, da smo si \u010dlani \u017ee pred drugo svetovno vojno prizadevali za ve\u010dji gasilski dom. Tudi po vojni za prizadevanja, da se dom zgradi na Petra\u010devem vrtu in nato na prostoru Kig-ovih gara\u017e, ni bilo posluha.<\/p>\n<div id=\"attachment_1401\" style=\"width: 307px\" class=\"wp-caption aligncenter\"><img aria-describedby=\"caption-attachment-1401\" loading=\"lazy\" class=\"wp-image-1401\" src=\"http:\/\/nova.pgdig.si\/wp-content\/uploads\/2013\/01\/Slika_34-400x314.jpg\" alt=\"slika_34\" width=\"297\" height=\"235\" \/><p id=\"caption-attachment-1401\" class=\"wp-caption-text\">Obnova starega gasilskega doma<\/p><\/div>\n<p>V letu 1987 je dru\u0161tvo s prispevki krajanov, delovnih organizacij in ob\u010dinske gasilske zveze kupilo orodni avto TAM 80 T3, ki je, kot starodobnik, v uporabi \u0161e danes.<\/p>\n<div id=\"attachment_1402\" style=\"width: 306px\" class=\"wp-caption aligncenter\"><img aria-describedby=\"caption-attachment-1402\" loading=\"lazy\" class=\"wp-image-1402\" src=\"http:\/\/nova.pgdig.si\/wp-content\/uploads\/2013\/01\/Slika_38-400x259.jpg\" alt=\"slika_38\" width=\"296\" height=\"195\" \/><p id=\"caption-attachment-1402\" class=\"wp-caption-text\">Sve\u010dani prevzem vozila TAM<\/p><\/div>\n<p>Leta 1988 je dru\u0161tvo kupilo terensko vozilo Lada Niva kot komandno vozilo. Istega leta je bila od Gasilske brigade Ljubljana, s pomo\u010djo Ob\u010dinske gasilske zveze Vi\u010d-Rudnik, kupljena avtocisterna TAM 130. To vozilo je bilo kupljeno predvsem za prevoz vode v su\u0161nem obdobju, pa tudi za intervencije.<\/p>\n<div id=\"attachment_1403\" style=\"width: 293px\" class=\"wp-caption aligncenter\"><img aria-describedby=\"caption-attachment-1403\" loading=\"lazy\" class=\"wp-image-1403\" src=\"http:\/\/nova.pgdig.si\/wp-content\/uploads\/2013\/01\/Slika_39-400x300.jpg\" alt=\"slika_39\" width=\"283\" height=\"214\" srcset=\"https:\/\/nova.pgdig.si\/wp-content\/uploads\/2013\/01\/Slika_39-350x263.jpg 350w, https:\/\/nova.pgdig.si\/wp-content\/uploads\/2013\/01\/Slika_39-160x120.jpg 160w\" sizes=\"(max-width: 283px) 100vw, 283px\" \/><p id=\"caption-attachment-1403\" class=\"wp-caption-text\">Poveljni\u0161ko vozilo Lada Niva<\/p><\/div>\n<h3>Nov gasilski dom<\/h3>\n<div id=\"attachment_1404\" style=\"width: 247px\" class=\"wp-caption alignleft\"><img aria-describedby=\"caption-attachment-1404\" loading=\"lazy\" class=\"wp-image-1404\" src=\"http:\/\/nova.pgdig.si\/wp-content\/uploads\/2013\/01\/Slika_40-274x400.jpg\" alt=\"slika_40\" width=\"237\" height=\"346\" srcset=\"https:\/\/nova.pgdig.si\/wp-content\/uploads\/2013\/01\/Slika_40-274x400.jpg 274w, https:\/\/nova.pgdig.si\/wp-content\/uploads\/2013\/01\/Slika_40.jpg 522w\" sizes=\"(max-width: 237px) 100vw, 237px\" \/><p id=\"caption-attachment-1404\" class=\"wp-caption-text\">Gasilski dom v gradnji<\/p><\/div>\n<p>V letih 1989-1990 se je uresni\u010dila dolgoletna \u017eelja gasilskega dru\u0161tva Ig. Prostovoljno gasilsko dru\u0161tvo Ig je dobilo od Ljubljanskih mlekarn \u2013 kmetijske zadruge oziroma Krajevne skupnosti Ig zemlji\u0161\u010de za nov gasilski dom. Tako smo leta 1990 pri\u010deli nasipavati parcelo, polagati betonske cevi za cesto in urejati teren. S polo\u017eitvijo temeljnega kamna v letu 1992 smo uradno za\u010deli z gradnjo novega gasilskega doma. Temeljni kamen je polo\u017eil takratni obrambni minister gospod Janez Jan\u0161a. Ob tej prilo\u017enosti je bila slavnostna prireditev z veliko vrtno veselico. Od leta 1992 do zgraditve novega gasilskega doma smo krajani in gasilci opravili ve\u010d kot 9400 ur prostovoljnega dela.<\/p>\n<p>&nbsp;<\/p>\n<div id=\"attachment_1405\" style=\"width: 326px\" class=\"wp-caption alignright\"><img aria-describedby=\"caption-attachment-1405\" loading=\"lazy\" class=\"wp-image-1405\" src=\"http:\/\/nova.pgdig.si\/wp-content\/uploads\/2013\/01\/Slika_41-400x313.jpg\" alt=\"slika_41\" width=\"316\" height=\"249\" \/><p id=\"caption-attachment-1405\" class=\"wp-caption-text\">Izdelava fasade na gasilskem domu<\/p><\/div>\n<p>Ob razdelitvi ob\u010din iz ene v ve\u010d lokalnih skupnosti je bila ustanovljena tudi Ob\u010dina Ig. Z ustanovitvijo novih lokalnih skupnosti ali ob\u010din so se ustanovile nove gasilske zveze, med njimi tudi Gasilska zveza Ig, v katero spada 10 prostovoljnih gasilskih dru\u0161tev, in sicer: PGD Ig, PGD Brest, PGD Golo, PGD I\u0161ka vas, PGD I\u0161ka Loka, PGD Kot-Staje, PGD Matena, PGD \u0160krilje, PGD Tomi\u0161elj in PGD Vrbljene-Stahomer.<\/p>\n<p>\u010ceprav smo gradili gasilski dom, pa smo sledili potrebam po novi gasilski opremi in mehanizaciji. Tako je Gasilska zveza Ig v letu 1998 kupila visokotla\u010dno \u010drpalko \u00bbKOTORNA\u00ab. Uporabljali smo jo za ga\u0161enje za\u010detnih, travni\u0161kih in gozdnih po\u017earov, ki jih je bilo vsako leto ve\u010d. Na slovesnosti je bil govornik tedanji \u017eupan Ob\u010dine Ig gospod Janez Podr\u017eaj.<\/p>\n<div id=\"attachment_1406\" style=\"width: 326px\" class=\"wp-caption aligncenter\"><img aria-describedby=\"caption-attachment-1406\" loading=\"lazy\" class=\"wp-image-1406\" src=\"http:\/\/nova.pgdig.si\/wp-content\/uploads\/2013\/01\/Slika_44-400x272.jpg\" alt=\"slika_44\" width=\"316\" height=\"218\" \/><p id=\"caption-attachment-1406\" class=\"wp-caption-text\">Visokotla\u010dna \u010drpalka &#8220;Kotorna&#8221;<\/p><\/div>\n<h3>Prostovoljno gasilsko dru\u0161tvo Ig v 21. stoletju<\/h3>\n<p>I\u017eanski gasilci smo si dolgo let \u017eeleli novo, sodobno gasilsko vozilo.<br \/>\nTako smo v letu 1999 kupili podvozje vozila MAN 15-264 ter ga pripravili za nadgradnjo. V letu 2000 je podjetje AS-BUS Dom\u017eale nadgradnjo strokovno opravilo. I\u017eanski gasilci smo morali zbrati polovico sredstev, polovico pa je prispevala Ob\u010dina Ig preko Gasilske zveze Ig. Finan\u010dna sredstva smo zbrali pri ob\u010danih, sponzorjih in pri Upravi Republike Slovenije za za\u0161\u010dito in re\u0161evanje. Skupino, ki je koordinirala kompletno izdelavo vozila in zbiranje finan\u010dnih sredstev, so sestavljali Franc Bukovec, Anton Balant in Albin Juha. Julija leta 2000 je bilo vozilo predano v uporabo Gasilskemu dru\u0161tvu Ig. Ob tej prilo\u017enosti je bila sve\u010dana proslava s prevzemom vozila GVC 16\/25.<\/p>\n<div id=\"attachment_1407\" style=\"width: 336px\" class=\"wp-caption aligncenter\"><img aria-describedby=\"caption-attachment-1407\" loading=\"lazy\" class=\"wp-image-1407\" src=\"http:\/\/nova.pgdig.si\/wp-content\/uploads\/2013\/01\/Slika_45-400x265.jpg\" alt=\"slika_45\" width=\"326\" height=\"220\" \/><p id=\"caption-attachment-1407\" class=\"wp-caption-text\">Prevzem vozila GVC 16\/25<\/p><\/div>\n<p>Gasilsko dru\u0161tvo je od svoje ustanovitve do danes sodelovalo pri ga\u0161enju mnogih po\u017earov in s tem mnogim prebivalcem teh krajev re\u0161ilo njihova imetja.<\/p>\n<div id=\"attachment_1409\" style=\"width: 369px\" class=\"wp-caption aligncenter\"><img aria-describedby=\"caption-attachment-1409\" loading=\"lazy\" class=\"wp-image-1409\" src=\"http:\/\/nova.pgdig.si\/wp-content\/uploads\/2013\/01\/Naslovnica-400x268.jpg\" alt=\"naslovnica\" width=\"359\" height=\"244\" \/><p id=\"caption-attachment-1409\" class=\"wp-caption-text\">I\u017eanska pa\u017earna abramba<\/p><\/div>\n","protected":false},"excerpt":{"rendered":"<p>Ustanovitev Prostovoljnega gasilskega dru\u0161tva Ig Kakor povsod po Slovenskem so tudi v na\u0161ih vaseh v \u010dasu narodnopoliti\u010dnega gibanja nastajala razna dru\u0161tva, ki so razgibala \u017eivljenje, predvsem gasilska dru\u0161tva. Po ustanovitvi <a class=\"more-link\" href=\"https:\/\/nova.pgdig.si\/?page_id=154\">Prika\u017ei ve\u010d\u2192<\/a><\/p>\n","protected":false},"author":1,"featured_media":1409,"parent":0,"menu_order":8,"comment_status":"closed","ping_status":"closed","template":"","meta":[],"_links":{"self":[{"href":"https:\/\/nova.pgdig.si\/index.php?rest_route=\/wp\/v2\/pages\/154"}],"collection":[{"href":"https:\/\/nova.pgdig.si\/index.php?rest_route=\/wp\/v2\/pages"}],"about":[{"href":"https:\/\/nova.pgdig.si\/index.php?rest_route=\/wp\/v2\/types\/page"}],"author":[{"embeddable":true,"href":"https:\/\/nova.pgdig.si\/index.php?rest_route=\/wp\/v2\/users\/1"}],"replies":[{"embeddable":true,"href":"https:\/\/nova.pgdig.si\/index.php?rest_route=%2Fwp%2Fv2%2Fcomments&post=154"}],"version-history":[{"count":15,"href":"https:\/\/nova.pgdig.si\/index.php?rest_route=\/wp\/v2\/pages\/154\/revisions"}],"predecessor-version":[{"id":1410,"href":"https:\/\/nova.pgdig.si\/index.php?rest_route=\/wp\/v2\/pages\/154\/revisions\/1410"}],"wp:featuredmedia":[{"embeddable":true,"href":"https:\/\/nova.pgdig.si\/index.php?rest_route=\/wp\/v2\/media\/1409"}],"wp:attachment":[{"href":"https:\/\/nova.pgdig.si\/index.php?rest_route=%2Fwp%2Fv2%2Fmedia&parent=154"}],"curies":[{"name":"wp","href":"https:\/\/api.w.org\/{rel}","templated":true}]}}