{"id":1629,"date":"2018-02-26T15:15:13","date_gmt":"2018-02-26T14:15:13","guid":{"rendered":"http:\/\/www.pgdig.si\/?page_id=1629"},"modified":"2018-02-26T15:15:13","modified_gmt":"2018-02-26T14:15:13","slug":"intervencije-2017","status":"publish","type":"page","link":"https:\/\/nova.pgdig.si\/?page_id=1629","title":{"rendered":"Intervencije 2017"},"content":{"rendered":"<h1><\/h1>\n<h1 class=\"entry-title\">Po\u017eari v komunalnih zabojnikih, 14.4.2017 16:36<\/h1>\n<p>V petek, 14.4.2017 ob 16:45, je pri lekarni v sredi\u0161\u010du Iga zagorel zabojnik za smeti. Gore\u010do vsebino smo pogasili gasilci PGD Ig.<\/p>\n<h1 class=\"entry-title\">Po\u017eari v naravi, 9.4.2017 17.42<\/h1>\n<p>V nedeljo, 9.4.2017 ob 17.42, je ob cesti Ig\u2013\u0160kofljica, v ob\u010dina Ig, gorela suha trava, grmi\u010devje in posamezna drevesa. Po\u017ear je obsegal pribli\u017eno 150 kvadratnih metrov povr\u0161ine.<\/p>\n<h1 class=\"entry-title\">Po\u017eari na travni\u0161kih povr\u0161inah 2.4.2017 15:52<\/h1>\n<p>V nedeljo, 2.4.2017 ob 15:52, je ob cesti Ljubljana &#8211; Ig blizu odcepa proti I\u0161ki loki gorela \u0161ota. Po\u017ear na povr\u0161ini okoli enega hektara smo pogasili gasilci PGD Ig, Pgd Tomi\u0161elj, PGD Matena in PGD I\u0161ka loka.<\/p>\n<h1 class=\"entry-title\">Po\u017eari na travni\u0161kih povr\u0161inah 27.3.2017 14:19<\/h1>\n<p>V ponedeljek, 27.3.2017 ob 14:19, je v &#8220;mahu&#8221; v ob\u010dina Ig, gorelo grmi\u010devje in suha trava. Intervencija je obsegala dva razli\u010dna po\u017eara na dveh lokacijah. Po\u017ear smo pogasili gasilci PGD Ig na povr\u0161ini 400 kvadratnih metrov.<\/p>\n<h1 class=\"entry-title\">Po\u017eari na travni\u0161kih povr\u0161inah 23.3.2017 13:56<\/h1>\n<p>V \u010detrtek, 23.3.2017 ob 13.56, je ob cesti Ig\u2013\u0160kofljica v ob\u010dini Ig gorelo grmi\u010devje, podrast in suha trava. Po\u017ear je obsegal pribli\u017eno 1,5 hektara povr\u0161ine.<\/p>\n<h1 class=\"entry-title\">Po\u017eari v stanovanjskih stavbah 21.3.2017 22:42<\/h1>\n<p>V torek, 21.3.2017 ob 22.42, so gorele saje v dimniku stanovanjske hi\u0161e na Igu-Cesta na Kure\u0161\u010dek. Po\u017ear v dimniku smo gasilci pogasili in odstranili gore\u010d pepel.<\/p>\n<p><img loading=\"lazy\" class=\" wp-image-1553 aligncenter\" src=\"http:\/\/nova.pgdig.si\/wp-content\/uploads\/2017\/03\/Optimized-17310987_10212925082788314_4089039964854594390_o-400x300.jpg\" alt=\"\" width=\"349\" height=\"264\" \/><\/p>\n<h1 class=\"entry-title\">Po\u017eari na travni\u0161kih povr\u0161inah 18.3.2017, 19:01<\/h1>\n<p>V soboto, 18.3.2017 ob 19:01, je poleg I\u017eanske ceste pred Ig-om gorela suha trava na povr\u0161ini 300 kvadratnih metrov.<\/p>\n<p><img loading=\"lazy\" class=\" wp-image-1548 aligncenter\" src=\"http:\/\/nova.pgdig.si\/wp-content\/uploads\/2017\/03\/Optimized-17407854_1373654385990604_360007722_o-400x300.jpg\" alt=\"\" width=\"351\" height=\"267\" \/><\/p>\n<h1 class=\"entry-title\">Po\u017eari na gozdnih in grmovnih povr\u0161inah 17.3.2017, 16:15<\/h1>\n<p>V petek, 17.3.2017 ob 16:15, je na barju med Ig-om in \u0160kofljico gorela suha trava,drevje in grmi\u010devje na povr\u0161ini enega hektara.<\/p>\n<h1 class=\"entry-title\">Po\u017eari na gozdnih in grmovnih povr\u0161inah 17.3.2017, 15:33<\/h1>\n<p>V petek, 17.3.2017 ob 15:33, je ob cesti Ig-\u0160kofljica na povr\u0161ini 700 kvadratnih metrov gorela suha trava in grmi\u010devje.<\/p>\n<h1 class=\"entry-title\"><a title=\"Permalink to Po\u017eari na travni\u0161kih povr\u0161inah 15.3.2017, 16:09\" href=\"http:\/\/nova.pgdig.si\/?p=1514\" rel=\"bookmark\">Po\u017eari na travni\u0161kih povr\u0161inah 15.3.2017, 16:09<\/a><\/h1>\n\t\t\t\t<div class=\"gallery_box\">\n\t\t\t\t\t<ul>\n\t\t\t\t\t\t\t\t\t\t\t\t\t<li>\n\t\t\t\t\t\t\t\t<a rel=\"bookmark\" href=\"https:\/\/nova.pgdig.si\/?gallery=pozari-na-travniskih-povrsinah-15-3-2017-1609\" title=\"Po\u017eari na travni\u0161kih povr\u0161inah 15.3.2017, 16:09\">\n\t\t\t\t\t\t\t\t\t<img width=\"400\"height=\"400\" style=\"width:400px;height:400px;border-width: 10px; border-color:#F1F1F1;border: 10px solid #F1F1F1\" alt=\"Po\u017eari na travni\u0161kih povr\u0161inah 15.3.2017, 16:09\" title=\"Po\u017eari na travni\u0161kih povr\u0161inah 15.3.2017, 16:09\" src=\"https:\/\/nova.pgdig.si\/wp-content\/uploads\/2017\/03\/Optimized-20170315_170519-400x300.jpg\" \/>\n\t\t\t\t\t\t\t\t<\/a>\n\t\t\t\t\t\t\t\t<div class=\"gallery_detail_box\">\n\t\t\t\t\t\t\t\t\t<div class=\"gllr_detail_title\">Po\u017eari na travni\u0161kih povr\u0161inah 15.3.2017, 16:09<\/div>\n\t\t\t\t\t\t\t\t\t<div class=\"gllr_detail_excerpt\">V sredo,15.3.2017 ob 16:09, smo bili gasilci PGD Ig obve\u0161\u010deni o dveh travni\u0161kih po\u017earih ob ...<\/div>\n\t\t\t\t\t\t\t\t\t<a href=\"https:\/\/nova.pgdig.si\/?gallery=pozari-na-travniskih-povrsinah-15-3-2017-1609\">See photo &raquo;<\/a>\n\t\t\t\t\t\t\t\t<\/div><!-- .gallery_detail_box -->\n\t\t\t\t\t\t\t\t<div class=\"gllr_clear\"><\/div>\n\t\t\t\t\t\t\t<\/li>\n\t\t\t\t\t\t\t\t\t\t\t<\/ul>\n\t\t\t\t<\/div><!-- .gallery_box -->\n\t\t\t\n<h3>Po\u017eari na travni\u0161kih povr\u0161inah 11.3.2017, 12:50<\/h3>\n<p>V soboto, 11.3.2017 ob 12:50,\u00a0je ob cesti Ig-\u0160kofljica, v ob\u010dini Ig, gorela bala sena. Po\u017ear se je raz\u0161iril na grmi\u010devje \u00a0in na suho travo v okolici. Po\u017ear smo uspe\u0161no pogasili gasilci PGD Ig.<\/p>\n<p><img loading=\"lazy\" class=\"size-medium wp-image-1480 aligncenter\" src=\"http:\/\/nova.pgdig.si\/wp-content\/uploads\/2017\/03\/Optimized-20170311_130421-400x225.jpg\" alt=\"\" width=\"400\" height=\"225\" srcset=\"https:\/\/nova.pgdig.si\/wp-content\/uploads\/2017\/03\/Optimized-20170311_130421-400x225.jpg 400w, https:\/\/nova.pgdig.si\/wp-content\/uploads\/2017\/03\/Optimized-20170311_130421.jpg 700w\" sizes=\"(max-width: 400px) 100vw, 400px\" \/><\/p>\n<h3>Po\u017eari na travni\u0161kih povr\u0161inah 11.3.2017, 12:07<\/h3>\n<p>V soboto, 11.3.2017 ob 12:07,\u00a0je ob cesti Ig-\u0160kofljica, v ob\u010dini Ig gorela suha trava. Po\u017ear na povr\u0161ini okoli 10 kvadratnih metrov smo pogasili gasilci PGD Ig.<\/p>\n<p><img loading=\"lazy\" class=\"size-medium wp-image-1479 aligncenter\" src=\"http:\/\/nova.pgdig.si\/wp-content\/uploads\/2017\/03\/Optimized-PART_1489239843981-400x300.jpeg\" alt=\"\" width=\"400\" height=\"300\" srcset=\"https:\/\/nova.pgdig.si\/wp-content\/uploads\/2017\/03\/Optimized-PART_1489239843981-400x300.jpeg 400w, https:\/\/nova.pgdig.si\/wp-content\/uploads\/2017\/03\/Optimized-PART_1489239843981-350x263.jpeg 350w, https:\/\/nova.pgdig.si\/wp-content\/uploads\/2017\/03\/Optimized-PART_1489239843981-160x120.jpeg 160w, https:\/\/nova.pgdig.si\/wp-content\/uploads\/2017\/03\/Optimized-PART_1489239843981.jpeg 666w\" sizes=\"(max-width: 400px) 100vw, 400px\" \/><\/p>\n<h3>Po\u017eari na travni\u0161kih povr\u0161inah 10.3.2017, 12:37<\/h3>\n<p>V petek, 10.3.2017 ob 12:37, je na Kremenici v ob\u010dini Ig gorela trava. Po\u017ear je obsegal pribli\u017eno 600 kvadratnih metrov povr\u0161ine. Gasilci PGD Ig smo po\u017ear uspe\u0161no omejili in pogasili.<\/p>\n<p><img loading=\"lazy\" class=\"aligncenter wp-image-1454 size-medium\" src=\"http:\/\/nova.pgdig.si\/wp-content\/uploads\/2017\/03\/Optimized-17200598_10211231602140309_1549455574_o-400x300.jpg\" width=\"400\" height=\"300\" srcset=\"https:\/\/nova.pgdig.si\/wp-content\/uploads\/2017\/03\/Optimized-17200598_10211231602140309_1549455574_o-400x300.jpg 400w, https:\/\/nova.pgdig.si\/wp-content\/uploads\/2017\/03\/Optimized-17200598_10211231602140309_1549455574_o-350x263.jpg 350w, https:\/\/nova.pgdig.si\/wp-content\/uploads\/2017\/03\/Optimized-17200598_10211231602140309_1549455574_o-160x120.jpg 160w, https:\/\/nova.pgdig.si\/wp-content\/uploads\/2017\/03\/Optimized-17200598_10211231602140309_1549455574_o.jpg 666w\" sizes=\"(max-width: 400px) 100vw, 400px\" \/><\/p>\n<h3>Po\u017eari na travni\u0161kih povr\u0161inah 8.3.2017 11:57<\/h3>\n<p>V sredo, 8.3.2017 ob 11:57, je v naselju Sarsko, ob\u010dina Ig, zagorela travni\u0161ka povr\u0161ina. Posredovali smo gasilci PGD Ig. Po\u017ear smo gasilci omejili ter pogasili. Obsegal je okoli 500 kvadratnih metrov suhe trave in grmi\u010devja.<\/p>\n<h3>Po\u017eari v stanovanjskih stavbah 2.1.2017 23:01<\/h3>\n<p>V ponedeljek, 2.1.2017 ob 23:01,\u00a0se je na Ljubljanski cesti na Igu iskrilo iz elektri\u010dnega daljnovoda na strehi objekta. Posredovali smo gasilci PGD Ig. Do prihoda de\u017eurne slu\u017ebe (elektro) smo opravili protipo\u017earno za\u0161\u010dito in jim razsvetljevali kraj dogodka.<\/p>\n<h3>Po\u017eari v nestanovanjskih stavbah 2.1.2017 18:45<\/h3>\n<p>V ponedeljek, 2.12.2017 ob 18.45,\u00a0je v Hrenovi ulici na Ig-u zagorel polivinil pod nadstre\u0161kom. Gasilci PGD Ig smo po\u017ear pogasili in s hitrim posredovanjem prepre\u010dili, da bi se po\u017ear raz\u0161iril na nadstre\u0161ek. Na kraju dogodka smo po\u010dakali do prihoda policije.<\/p>\n","protected":false},"excerpt":{"rendered":"<p>Po\u017eari v komunalnih zabojnikih, 14.4.2017 16:36 V petek, 14.4.2017 ob 16:45, je pri lekarni v sredi\u0161\u010du Iga zagorel zabojnik za smeti. Gore\u010do vsebino smo pogasili gasilci PGD Ig. Po\u017eari v <a class=\"more-link\" href=\"https:\/\/nova.pgdig.si\/?gallery=pozari-na-travniskih-povrsinah-15-3-2017-1609\">Prika\u017ei ve\u010d\u2192<\/a><\/p>\n","protected":false},"author":4,"featured_media":0,"parent":0,"menu_order":0,"comment_status":"closed","ping_status":"closed","template":"","meta":[],"_links":{"self":[{"href":"https:\/\/nova.pgdig.si\/index.php?rest_route=\/wp\/v2\/pages\/1629"}],"collection":[{"href":"https:\/\/nova.pgdig.si\/index.php?rest_route=\/wp\/v2\/pages"}],"about":[{"href":"https:\/\/nova.pgdig.si\/index.php?rest_route=\/wp\/v2\/types\/page"}],"author":[{"embeddable":true,"href":"https:\/\/nova.pgdig.si\/index.php?rest_route=\/wp\/v2\/users\/4"}],"replies":[{"embeddable":true,"href":"https:\/\/nova.pgdig.si\/index.php?rest_route=%2Fwp%2Fv2%2Fcomments&post=1629"}],"version-history":[{"count":1,"href":"https:\/\/nova.pgdig.si\/index.php?rest_route=\/wp\/v2\/pages\/1629\/revisions"}],"predecessor-version":[{"id":1632,"href":"https:\/\/nova.pgdig.si\/index.php?rest_route=\/wp\/v2\/pages\/1629\/revisions\/1632"}],"wp:attachment":[{"href":"https:\/\/nova.pgdig.si\/index.php?rest_route=%2Fwp%2Fv2%2Fmedia&parent=1629"}],"curies":[{"name":"wp","href":"https:\/\/api.w.org\/{rel}","templated":true}]}}