{"id":1633,"date":"2018-02-26T15:18:37","date_gmt":"2018-02-26T14:18:37","guid":{"rendered":"http:\/\/www.pgdig.si\/?page_id=1633"},"modified":"2018-02-26T15:19:57","modified_gmt":"2018-02-26T14:19:57","slug":"intervencije-2018","status":"publish","type":"page","link":"https:\/\/nova.pgdig.si\/?page_id=1633","title":{"rendered":"Intervencije 2018"},"content":{"rendered":"<h3>Re\u0161evanja obolelih oseb 23.1.2018 9:15<\/h3>\n<p>V torek, 23.1.2018 ob 9:15, je v Gasilski ulici na Igu, Gasilska enota Ig nudila prvo pomo\u010d starej\u0161emu ob\u010danu. Re\u0161evalci NMP Ljubljana, so ga nato odpeljali v UKC. Kljub hitremu posredovanju pa \u017eal ponesre\u010denec ni pre\u017eivel.<\/p>\n","protected":false},"excerpt":{"rendered":"<p>Re\u0161evanja obolelih oseb 23.1.2018 9:15 V torek, 23.1.2018 ob 9:15, je v Gasilski ulici na Igu, Gasilska enota Ig nudila prvo pomo\u010d starej\u0161emu ob\u010danu. Re\u0161evalci NMP Ljubljana, so ga nato <a class=\"more-link\" href=\"https:\/\/nova.pgdig.si\/?page_id=1633\">Prika\u017ei ve\u010d\u2192<\/a><\/p>\n","protected":false},"author":4,"featured_media":0,"parent":0,"menu_order":0,"comment_status":"closed","ping_status":"closed","template":"","meta":[],"_links":{"self":[{"href":"https:\/\/nova.pgdig.si\/index.php?rest_route=\/wp\/v2\/pages\/1633"}],"collection":[{"href":"https:\/\/nova.pgdig.si\/index.php?rest_route=\/wp\/v2\/pages"}],"about":[{"href":"https:\/\/nova.pgdig.si\/index.php?rest_route=\/wp\/v2\/types\/page"}],"author":[{"embeddable":true,"href":"https:\/\/nova.pgdig.si\/index.php?rest_route=\/wp\/v2\/users\/4"}],"replies":[{"embeddable":true,"href":"https:\/\/nova.pgdig.si\/index.php?rest_route=%2Fwp%2Fv2%2Fcomments&post=1633"}],"version-history":[{"count":1,"href":"https:\/\/nova.pgdig.si\/index.php?rest_route=\/wp\/v2\/pages\/1633\/revisions"}],"predecessor-version":[{"id":1634,"href":"https:\/\/nova.pgdig.si\/index.php?rest_route=\/wp\/v2\/pages\/1633\/revisions\/1634"}],"wp:attachment":[{"href":"https:\/\/nova.pgdig.si\/index.php?rest_route=%2Fwp%2Fv2%2Fmedia&parent=1633"}],"curies":[{"name":"wp","href":"https:\/\/api.w.org\/{rel}","templated":true}]}}