{"id":1637,"date":"2018-02-26T15:21:21","date_gmt":"2018-02-26T14:21:21","guid":{"rendered":"http:\/\/www.pgdig.si\/?page_id=1637"},"modified":"2018-02-26T15:21:21","modified_gmt":"2018-02-26T14:21:21","slug":"intervencije-2016","status":"publish","type":"page","link":"https:\/\/nova.pgdig.si\/?page_id=1637","title":{"rendered":"Intervencije 2016"},"content":{"rendered":"<h3>Travni\u0161ki po\u017ear 28.12.2016 14:45<\/h3>\n<p>V sredo, 28.12.2016 ob 14:45, smo bili \u010dlani PGD Ig poklicani, da posredujemo na travni\u0161kem po\u017earu ob ribnikih v Dragi. Po izvozu vozil iz gasilnega doma pa je bilo obve\u0161\u010deno, da je po\u017ear kontroliran in da pomo\u010d ni potrebna.<\/p>\n<h3>Po\u017ear v objektu 15.12.2016 16:20<\/h3>\n<p>V \u010detrtek, 15.12.2016 ob 16:20, je v na gospodarskem poslopju v kraju Su\u0161a zagorelo pod ostre\u0161jem. Gasilci smo pogasili po\u017ear, razsvetlili okolico, odkrili streho ter ostre\u0161je pregledali s termo kamero. Na intervenciji so prav tako poleg na\u0161ega dru\u0161tva posredovali tudi PGD Golo, PGD Pijava Gorica in PGD \u017delimlje.<\/p>\n<h3>Po\u017ear v objektu 15.12.2016 10:48<\/h3>\n<p>V \u010detrtek, 15.12.2016 ob 10:48 je na Baniji na Igu zagorelo v delavnici za servisiranje klimatskih in hladilnih naprav. Posredovali smo gasilci PGD Ig, Matena, I\u0161ka Loka in I\u0161ka vas. Po\u017ear smo lokalizirali in pogasili ter prezra\u010dili prostore.<\/p>\n<h3>Po\u017ear v objektu 3.9.2016 20:37<\/h3>\n<p>Ob 20.37 je v \u0160kurhovi ulici v ob\u010dini Ig zaradi neustrezno nalo\u017eenega papirja za kurjenje v pe\u010di dim napolnil stanovanjsko hi\u0161o. Gasilci PGD Ig so o\u010distili pe\u010d, sprostili dimni\u0161ko tuljavo, zagotovili ustrezen izhod dima skozi dimnik in nadtla\u010dno prezra\u010dili zadimljene prostore.<\/p>\n<h3>Tehni\u010dna in druga pomo\u010d 13.8.2016<\/h3>\n<p>Ob 13.10 je v I\u0161ki Vasi 70, ob\u010dina Ig, na osebo padlo drevo. Posredovali so gasilci PGD I\u0161ka vas, ki so \u017ee pred prihodom gasilcev PGD Ig in gasilcev GB Ljubljana re\u0161ili osebo. Re\u0161evalci KC RP Ljubljana so po\u0161kodovanca prepeljali na nadaljnje zdravljenje.<\/p>\n<h3>PO\u017dAR V OBJEKTU 7.8.2016<\/h3>\n\t\t\t\t<div class=\"gallery_box\">\n\t\t\t\t\t<ul>\n\t\t\t\t\t\t\t\t\t\t\t\t\t<li>\n\t\t\t\t\t\t\t\t<a rel=\"bookmark\" href=\"https:\/\/nova.pgdig.si\/?gallery=pozar-v-objektu-7-8-2016\" title=\"Po\u017ear v objektu 7.8.2016\">\n\t\t\t\t\t\t\t\t\t<img width=\"400\"height=\"400\" style=\"width:400px;height:400px;border-width: 10px; border-color:#F1F1F1;border: 10px solid #F1F1F1\" alt=\"Po\u017ear v objektu 7.8.2016\" title=\"Po\u017ear v objektu 7.8.2016\" src=\"https:\/\/nova.pgdig.si\/wp-content\/uploads\/2016\/08\/Optimized-IMG_0631-400x300.jpg\" \/>\n\t\t\t\t\t\t\t\t<\/a>\n\t\t\t\t\t\t\t\t<div class=\"gallery_detail_box\">\n\t\t\t\t\t\t\t\t\t<div class=\"gllr_detail_title\">Po\u017ear v objektu 7.8.2016<\/div>\n\t\t\t\t\t\t\t\t\t<div class=\"gllr_detail_excerpt\">7.8.2016 ob 3.13 je v Brestu blizu Iga zagorelo gospodarsko poslopje v katerem so bile bale ...<\/div>\n\t\t\t\t\t\t\t\t\t<a href=\"https:\/\/nova.pgdig.si\/?gallery=pozar-v-objektu-7-8-2016\">See photo &raquo;<\/a>\n\t\t\t\t\t\t\t\t<\/div><!-- .gallery_detail_box -->\n\t\t\t\t\t\t\t\t<div class=\"gllr_clear\"><\/div>\n\t\t\t\t\t\t\t<\/li>\n\t\t\t\t\t\t\t\t\t\t\t<\/ul>\n\t\t\t\t<\/div><!-- .gallery_box -->\n\t\t\t\n<h3>Po\u017ear v prometu 22.6.2016<\/h3>\n<p>22.6.2016 ob 0.15 je\u00a0na cesti med Igom in Stajami v ob\u010dini Ig zagorelo osebno vozilo znamke Mercedes. Vzrok po\u017eara je bil slab akumulator. Gasilci smo zavarovali okolico vozila, pogasili po\u017ear in odklopili akumulator. Na koncu smo vozilo pregledali s termo kamero in po\u010dakali na prihod policije.<\/p>\n<h3>PO\u017dAR V OBJEKTU 28.4.2016<\/h3>\n\t\t\t\t<div class=\"gallery_box\">\n\t\t\t\t\t<ul>\n\t\t\t\t\t\t\t\t\t\t\t\t\t<li>\n\t\t\t\t\t\t\t\t<a rel=\"bookmark\" href=\"https:\/\/nova.pgdig.si\/?gallery=pozar-v-objektih-28-4-2016\" title=\"Po\u017ear v objektu 28.4.2016\">\n\t\t\t\t\t\t\t\t\t<img width=\"400\"height=\"400\" style=\"width:400px;height:400px;border-width: 10px; border-color:#F1F1F1;border: 10px solid #F1F1F1\" alt=\"Po\u017ear v objektu 28.4.2016\" title=\"Po\u017ear v objektu 28.4.2016\" src=\"https:\/\/nova.pgdig.si\/wp-content\/uploads\/2016\/05\/Optimized-13129108_1098685960153959_1868297015_o1-400x300.jpg\" \/>\n\t\t\t\t\t\t\t\t<\/a>\n\t\t\t\t\t\t\t\t<div class=\"gallery_detail_box\">\n\t\t\t\t\t\t\t\t\t<div class=\"gllr_detail_title\">Po\u017ear v objektu 28.4.2016<\/div>\n\t\t\t\t\t\t\t\t\t<div class=\"gllr_detail_excerpt\">28.4.2016 ob 3.46 je na koncu I\u0161ke vasi v smeri proti Strahomerju, ob\u010dina Ig, gorel \u0161otor za ...<\/div>\n\t\t\t\t\t\t\t\t\t<a href=\"https:\/\/nova.pgdig.si\/?gallery=pozar-v-objektih-28-4-2016\">See photo &raquo;<\/a>\n\t\t\t\t\t\t\t\t<\/div><!-- .gallery_detail_box -->\n\t\t\t\t\t\t\t\t<div class=\"gllr_clear\"><\/div>\n\t\t\t\t\t\t\t<\/li>\n\t\t\t\t\t\t\t\t\t\t\t<\/ul>\n\t\t\t\t<\/div><!-- .gallery_box -->\n\t\t\t\n<h3>Snegolom 2016<\/h3>\n\t\t\t\t<div class=\"gallery_box\">\n\t\t\t\t\t<ul>\n\t\t\t\t\t\t\t\t\t\t\t\t\t<li>\n\t\t\t\t\t\t\t\t<a rel=\"bookmark\" href=\"https:\/\/nova.pgdig.si\/?gallery=snegolom-2016\" title=\"Snegolom 2016\">\n\t\t\t\t\t\t\t\t\t<img width=\"400\"height=\"400\" style=\"width:400px;height:400px;border-width: 10px; border-color:#F1F1F1;border: 10px solid #F1F1F1\" alt=\"Snegolom 2016\" title=\"Snegolom 2016\" src=\"https:\/\/nova.pgdig.si\/wp-content\/uploads\/2016\/05\/Optimized-IMG_0391-400x300.jpg\" \/>\n\t\t\t\t\t\t\t\t<\/a>\n\t\t\t\t\t\t\t\t<div class=\"gallery_detail_box\">\n\t\t\t\t\t\t\t\t\t<div class=\"gllr_detail_title\">Snegolom 2016<\/div>\n\t\t\t\t\t\t\t\t\t<div class=\"gllr_detail_excerpt\">27.4.2016 ob 20:59 smo bili gasilci PGD IG aktivirani zaradi zapadlega snega, ki je na cestah ...<\/div>\n\t\t\t\t\t\t\t\t\t<a href=\"https:\/\/nova.pgdig.si\/?gallery=snegolom-2016\">See photo &raquo;<\/a>\n\t\t\t\t\t\t\t\t<\/div><!-- .gallery_detail_box -->\n\t\t\t\t\t\t\t\t<div class=\"gllr_clear\"><\/div>\n\t\t\t\t\t\t\t<\/li>\n\t\t\t\t\t\t\t\t\t\t\t<\/ul>\n\t\t\t\t<\/div><!-- .gallery_box -->\n\t\t\t\n<p>&nbsp;<\/p>\n","protected":false},"excerpt":{"rendered":"<p>Travni\u0161ki po\u017ear 28.12.2016 14:45 V sredo, 28.12.2016 ob 14:45, smo bili \u010dlani PGD Ig poklicani, da posredujemo na travni\u0161kem po\u017earu ob ribnikih v Dragi. Po izvozu vozil iz gasilnega doma <a class=\"more-link\" href=\"https:\/\/nova.pgdig.si\/?gallery=snegolom-2016\">Prika\u017ei ve\u010d\u2192<\/a><\/p>\n","protected":false},"author":4,"featured_media":0,"parent":0,"menu_order":0,"comment_status":"closed","ping_status":"closed","template":"","meta":[],"_links":{"self":[{"href":"https:\/\/nova.pgdig.si\/index.php?rest_route=\/wp\/v2\/pages\/1637"}],"collection":[{"href":"https:\/\/nova.pgdig.si\/index.php?rest_route=\/wp\/v2\/pages"}],"about":[{"href":"https:\/\/nova.pgdig.si\/index.php?rest_route=\/wp\/v2\/types\/page"}],"author":[{"embeddable":true,"href":"https:\/\/nova.pgdig.si\/index.php?rest_route=\/wp\/v2\/users\/4"}],"replies":[{"embeddable":true,"href":"https:\/\/nova.pgdig.si\/index.php?rest_route=%2Fwp%2Fv2%2Fcomments&post=1637"}],"version-history":[{"count":1,"href":"https:\/\/nova.pgdig.si\/index.php?rest_route=\/wp\/v2\/pages\/1637\/revisions"}],"predecessor-version":[{"id":1639,"href":"https:\/\/nova.pgdig.si\/index.php?rest_route=\/wp\/v2\/pages\/1637\/revisions\/1639"}],"wp:attachment":[{"href":"https:\/\/nova.pgdig.si\/index.php?rest_route=%2Fwp%2Fv2%2Fmedia&parent=1637"}],"curies":[{"name":"wp","href":"https:\/\/api.w.org\/{rel}","templated":true}]}}