{"id":22,"date":"2012-11-21T12:27:43","date_gmt":"2012-11-21T11:27:43","guid":{"rendered":"http:\/\/www.pgdig.si\/?page_id=22"},"modified":"2025-06-16T11:16:59","modified_gmt":"2025-06-16T09:16:59","slug":"o-nas","status":"publish","type":"page","link":"https:\/\/nova.pgdig.si\/?page_id=22","title":{"rendered":"O nas"},"content":{"rendered":"<div>Prostovoljno gasilsko dru\u0161tvo Ig je bilo ustanovljeno davnega leta 1883. Ustanovili so ga doma\u010dini zaradi tedanjih potreb, zaradi bojazni pred po\u017earom. \u017de v tedanjem \u010dasu so s po\u017ertvovalnostjo in z lastnimi finan\u010dnimi sredstvi gasilci pri\u0161li do prve batne ro\u010dne \u010drpalke, ki jo hranimo v na\u0161em muzeju \u0161e danes.<\/div>\n<div><\/div>\n<div>Prostovoljno gasilsko dru\u0161tvo danes \u0161teje 140 \u010dlanov vseh starostnih skupin, mladinci, \u010dlani, veterani, podporni \u010dlani. Smo dru\u0161tvo 3. kategorije in osrednja enota v na\u0161i Gasilski zvezi, ki jo sestavlja \u0161e 10 ostalih gasilskih dru\u0161tev.<\/div>\n<div><a href=\"http:\/\/nova.pgdig.si\/wp-content\/uploads\/2012\/11\/Optimized-DSC_0204.jpg\" rel=\"lightbox[onas]\"><img loading=\"lazy\" class=\"aligncenter size-medium wp-image-682\" src=\"http:\/\/nova.pgdig.si\/wp-content\/uploads\/2012\/11\/Optimized-DSC_0204-400x268.jpg\" alt=\"Optimized-DSC_0204\" width=\"400\" height=\"268\" srcset=\"https:\/\/nova.pgdig.si\/wp-content\/uploads\/2012\/11\/Optimized-DSC_0204-400x268.jpg 400w, https:\/\/nova.pgdig.si\/wp-content\/uploads\/2012\/11\/Optimized-DSC_0204-1024x686.jpg 1024w, https:\/\/nova.pgdig.si\/wp-content\/uploads\/2012\/11\/Optimized-DSC_0204-300x201.jpg 300w, https:\/\/nova.pgdig.si\/wp-content\/uploads\/2012\/11\/Optimized-DSC_0204-900x603.jpg 900w, https:\/\/nova.pgdig.si\/wp-content\/uploads\/2012\/11\/Optimized-DSC_0204-120x80.jpg 120w, https:\/\/nova.pgdig.si\/wp-content\/uploads\/2012\/11\/Optimized-DSC_0204.jpg 1200w\" sizes=\"(max-width: 400px) 100vw, 400px\" \/><\/a><\/div>\n<p>Na\u0161a dejavnost je zelo pestra in sicer od intervencij travni\u0161kih po\u017earov do intervencij prometnih nesre\u010d. Kot dru\u0161tvo tekmujemo od leta 2011 na tekmovanjih <em>fire-combat<\/em>. Udele\u017eujemo se tudi gasilskih relijev in standardnih tekmovanj (trodelni napad). Vsaka starostna skupina ima svojo tekmovalno ekipo. Mladinci, \u010dlanice, \u010dlani A, \u010dlani B, veterani.<\/p>\n<p style=\"text-align: center;\"><a href=\"http:\/\/nova.pgdig.si\/wp-content\/uploads\/2012\/11\/Optimized-DSC_0042.jpg\" rel=\"lightbox[onas]\"><img loading=\"lazy\" class=\"aligncenter size-medium wp-image-641\" src=\"http:\/\/nova.pgdig.si\/wp-content\/uploads\/2012\/11\/Optimized-DSC_0042-400x267.jpg\" alt=\"transporter-zled\" width=\"400\" height=\"267\" srcset=\"https:\/\/nova.pgdig.si\/wp-content\/uploads\/2012\/11\/Optimized-DSC_0042-400x267.jpg 400w, https:\/\/nova.pgdig.si\/wp-content\/uploads\/2012\/11\/Optimized-DSC_0042-1024x685.jpg 1024w, https:\/\/nova.pgdig.si\/wp-content\/uploads\/2012\/11\/Optimized-DSC_0042-300x200.jpg 300w, https:\/\/nova.pgdig.si\/wp-content\/uploads\/2012\/11\/Optimized-DSC_0042-900x602.jpg 900w, https:\/\/nova.pgdig.si\/wp-content\/uploads\/2012\/11\/Optimized-DSC_0042-120x80.jpg 120w, https:\/\/nova.pgdig.si\/wp-content\/uploads\/2012\/11\/Optimized-DSC_0042.jpg 1200w\" sizes=\"(max-width: 400px) 100vw, 400px\" \/><\/a><\/p>\n","protected":false},"excerpt":{"rendered":"<p>Prostovoljno gasilsko dru\u0161tvo Ig je bilo ustanovljeno davnega leta 1883. Ustanovili so ga doma\u010dini zaradi tedanjih potreb, zaradi bojazni pred po\u017earom. \u017de v tedanjem \u010dasu so s po\u017ertvovalnostjo in z <a class=\"more-link\" href=\"https:\/\/nova.pgdig.si\/?page_id=22\">Prika\u017ei ve\u010d\u2192<\/a><\/p>\n","protected":false},"author":1,"featured_media":0,"parent":0,"menu_order":0,"comment_status":"closed","ping_status":"closed","template":"","meta":[],"_links":{"self":[{"href":"https:\/\/nova.pgdig.si\/index.php?rest_route=\/wp\/v2\/pages\/22"}],"collection":[{"href":"https:\/\/nova.pgdig.si\/index.php?rest_route=\/wp\/v2\/pages"}],"about":[{"href":"https:\/\/nova.pgdig.si\/index.php?rest_route=\/wp\/v2\/types\/page"}],"author":[{"embeddable":true,"href":"https:\/\/nova.pgdig.si\/index.php?rest_route=\/wp\/v2\/users\/1"}],"replies":[{"embeddable":true,"href":"https:\/\/nova.pgdig.si\/index.php?rest_route=%2Fwp%2Fv2%2Fcomments&post=22"}],"version-history":[{"count":23,"href":"https:\/\/nova.pgdig.si\/index.php?rest_route=\/wp\/v2\/pages\/22\/revisions"}],"predecessor-version":[{"id":2404,"href":"https:\/\/nova.pgdig.si\/index.php?rest_route=\/wp\/v2\/pages\/22\/revisions\/2404"}],"wp:attachment":[{"href":"https:\/\/nova.pgdig.si\/index.php?rest_route=%2Fwp%2Fv2%2Fmedia&parent=22"}],"curies":[{"name":"wp","href":"https:\/\/api.w.org\/{rel}","templated":true}]}}