{"id":31,"date":"2012-11-21T12:35:34","date_gmt":"2012-11-21T11:35:34","guid":{"rendered":"http:\/\/www.pgdig.si\/?page_id=31"},"modified":"2022-08-25T08:42:18","modified_gmt":"2022-08-25T06:42:18","slug":"kontakt","status":"publish","type":"page","link":"https:\/\/nova.pgdig.si\/?page_id=31","title":{"rendered":"Kontakt"},"content":{"rendered":"<p>Prostovoljno gasilsko dru\u0161tvo Ig<br \/>Gasilska ulica 39<br \/>1292 Ig<\/p>\n<p>Dav\u010dna \u0161tevilka: 63067587<br \/>TRR: 0201 4001 6463 968 (NLB d.d.)<\/p>\n<p>Telefon: 01 286 20 80<br \/>E-po\u0161ta: <a href=\"mailto:info@pgdig.si\">info@pgdig.si<\/a><\/p>\n<div>\n<div>Mladina:<\/div>\n<div>E-po\u0161ta: <a href=\"mailto:mladinapgdig@gmail.com\">mladinapgdig@gmail.com<\/a><\/div>\n<div>\u00a0<\/div>\n<\/div>\n\n\n<p><\/p>\n","protected":false},"excerpt":{"rendered":"<p>Prostovoljno gasilsko dru\u0161tvo IgGasilska ulica 391292 Ig Dav\u010dna \u0161tevilka: 63067587TRR: 0201 4001 6463 968 (NLB d.d.) Telefon: 01 286 20 80E-po\u0161ta: info@pgdig.si Mladina: E-po\u0161ta: mladinapgdig@gmail.com \u00a0<\/p>\n","protected":false},"author":1,"featured_media":0,"parent":0,"menu_order":20,"comment_status":"closed","ping_status":"closed","template":"","meta":[],"_links":{"self":[{"href":"https:\/\/nova.pgdig.si\/index.php?rest_route=\/wp\/v2\/pages\/31"}],"collection":[{"href":"https:\/\/nova.pgdig.si\/index.php?rest_route=\/wp\/v2\/pages"}],"about":[{"href":"https:\/\/nova.pgdig.si\/index.php?rest_route=\/wp\/v2\/types\/page"}],"author":[{"embeddable":true,"href":"https:\/\/nova.pgdig.si\/index.php?rest_route=\/wp\/v2\/users\/1"}],"replies":[{"embeddable":true,"href":"https:\/\/nova.pgdig.si\/index.php?rest_route=%2Fwp%2Fv2%2Fcomments&post=31"}],"version-history":[{"count":30,"href":"https:\/\/nova.pgdig.si\/index.php?rest_route=\/wp\/v2\/pages\/31\/revisions"}],"predecessor-version":[{"id":2356,"href":"https:\/\/nova.pgdig.si\/index.php?rest_route=\/wp\/v2\/pages\/31\/revisions\/2356"}],"wp:attachment":[{"href":"https:\/\/nova.pgdig.si\/index.php?rest_route=%2Fwp%2Fv2%2Fmedia&parent=31"}],"curies":[{"name":"wp","href":"https:\/\/api.w.org\/{rel}","templated":true}]}}