{"id":519,"date":"2016-04-20T15:58:43","date_gmt":"2016-04-20T13:58:43","guid":{"rendered":"http:\/\/www.pgdig.si\/?page_id=519"},"modified":"2016-08-24T12:27:10","modified_gmt":"2016-08-24T10:27:10","slug":"gvc-2450","status":"publish","type":"page","link":"https:\/\/nova.pgdig.si\/?page_id=519","title":{"rendered":"Gasilsko vozilo s cisterno 24\/50"},"content":{"rendered":"<p>&nbsp;<\/p>\n<p><strong>Gasilska oznaka:<\/strong> GVC 24\/50<img loading=\"lazy\" class=\"alignright wp-image-1136 size-medium\" src=\"http:\/\/nova.pgdig.si\/wp-content\/uploads\/2016\/08\/Optimized-IMG_0522-400x300.jpg\" alt=\"Optimized-IMG_0522\" width=\"400\" height=\"300\" srcset=\"https:\/\/nova.pgdig.si\/wp-content\/uploads\/2016\/08\/Optimized-IMG_0522-400x300.jpg 400w, https:\/\/nova.pgdig.si\/wp-content\/uploads\/2016\/08\/Optimized-IMG_0522-768x576.jpg 768w, https:\/\/nova.pgdig.si\/wp-content\/uploads\/2016\/08\/Optimized-IMG_0522-350x263.jpg 350w, https:\/\/nova.pgdig.si\/wp-content\/uploads\/2016\/08\/Optimized-IMG_0522-160x120.jpg 160w, https:\/\/nova.pgdig.si\/wp-content\/uploads\/2016\/08\/Optimized-IMG_0522.jpg 933w\" sizes=\"(max-width: 400px) 100vw, 400px\" \/><br \/>\n<strong>Vzdevek: <\/strong>\u00a0Florijan<br \/>\n<strong>Model:<\/strong> MAN, TGM 18.280<br \/>\n<strong>Nadgradnja:<\/strong> Gasilska vozila Pu\u0161nik<br \/>\n<strong>Posadka:<\/strong> 1+2<\/p>\n<p>Gasilsko vozilo s cisterno ima 5000 litrov vode, 500 litrov penila in prostora za posadko treh gasilcev. Vgrajeno ima tudi visokotla\u010dno \u010drpalko Rosenbauer NH-30, z zmogljivostjo 3000 l\/min pretoka pri 10 bar tlaka.<\/p>\n<p>&nbsp;<\/p>\n<p><img loading=\"lazy\" class=\"alignleft wp-image-1137 size-medium\" src=\"http:\/\/nova.pgdig.si\/wp-content\/uploads\/2016\/08\/Optimized-IMG_0523-300x400.jpg\" alt=\"Optimized-IMG_0523\" width=\"300\" height=\"400\" srcset=\"https:\/\/nova.pgdig.si\/wp-content\/uploads\/2016\/08\/Optimized-IMG_0523-300x400.jpg 300w, https:\/\/nova.pgdig.si\/wp-content\/uploads\/2016\/08\/Optimized-IMG_0523.jpg 525w\" sizes=\"(max-width: 300px) 100vw, 300px\" \/><\/p>\n<p>Vozilo uporabljamo predvsem v primeru, ko na intervenciji ni mo\u017enosti priklopa na hidrantno omre\u017eje. Prav tako pa se ga uporablja za notranje napade, saj ima vozilo dva izolirana dihalna aparata, navijak z visokotla\u010dno cevjo in pa dimovlek<\/p>\n<p>Za re\u0161evanje iz vi\u0161in uporabljamo 13 metersko lestev z oporniki in plezalno opremo. V primeru prometih nesre\u010d pa nam prav pridejo tudi dvi\u017ene blazine, komplet lesenih zagozd in podlog, motorna rezalka in pa \u017ei\u010dni poteg z ostalo opremo (npr: \u0161kopci, verige, bremenski trakovi&#8230;).<\/p>\n<p>&nbsp;<\/p>\n<p>Ker \u017eivimo v podro\u010dju kjer so reke in jezera, je mo\u017enost tudi razlitij nevarnih snovi. Zato imamo v vozilu tudi pivnike, pivni\u0161ka \u010drevesa, zajemalne posode, ribi\u0161ke \u0161kornje, potopne \u010drpalke in napihljive \u010depe.<\/p>\n<p><img loading=\"lazy\" class=\"alignright wp-image-1135 size-medium\" src=\"http:\/\/nova.pgdig.si\/wp-content\/uploads\/2016\/08\/Optimized-IMG_0521-400x300.jpg\" alt=\"Optimized-IMG_0521\" width=\"400\" height=\"300\" srcset=\"https:\/\/nova.pgdig.si\/wp-content\/uploads\/2016\/08\/Optimized-IMG_0521-400x300.jpg 400w, https:\/\/nova.pgdig.si\/wp-content\/uploads\/2016\/08\/Optimized-IMG_0521-768x576.jpg 768w, https:\/\/nova.pgdig.si\/wp-content\/uploads\/2016\/08\/Optimized-IMG_0521-350x263.jpg 350w, https:\/\/nova.pgdig.si\/wp-content\/uploads\/2016\/08\/Optimized-IMG_0521-160x120.jpg 160w, https:\/\/nova.pgdig.si\/wp-content\/uploads\/2016\/08\/Optimized-IMG_0521.jpg 933w\" sizes=\"(max-width: 400px) 100vw, 400px\" \/><\/p>\n<p>Vozilo ima mo\u017enost osvetlitve svoje oklice. Ker pa ima tudi agregat lahko po potrebi dvignemo svetlobni stolp in postavimo dodatne reflektorje.<\/p>\n<p>GVC 24\/50 ima prav tako na strehi vgrajen kov\u010dek v katerem so lopate, po\u017earne metle, cevni mosti\u010dki, vile, kopa\u010de in drugo ro\u010dno orodje. Poleg je vgrajen tudi vodni monitor.<\/p>\n<p>&nbsp;<\/p>\n\t\t\t\t\t\t<div class=\"gallery_box_single\">\n\t\t\t\t\t\t\t\t\t\t\t\t\t\t\t<div class=\"gallery gllr_grid\" data-gllr-columns=\"3\" data-gllr-border-width=\"10\">\n\t\t\t\t\t\t\t\t\t\t\t\t\t\t\t\t\t\t\t\t<div class=\"gllr_image_row\">\n\t\t\t\t\t\t\t\t\t\t\t\t\t\t\t\t\t\t\t\t\t<div class=\"gllr_image_block\">\n\t\t\t\t\t\t\t\t\t\t\t\t<p style=\"width:220px;height:220px;\">\n\t\t\t\t\t\t\t\t\t\t\t\t\t\t\t\t\t\t\t\t\t\t\t\t\t\t\t\t<a data-fancybox=\"gallery_fancybox_860\" href=\"https:\/\/nova.pgdig.si\/wp-content\/uploads\/2016\/05\/Optimized-IMG_0524.JPG\" title=\"\" >\n\t\t\t\t\t\t\t\t\t\t\t\t\t\t\t\t<img width=\"200\"height=\"200\" style=\"width:200px;height:200px;border-width: 10px; border-color:#F1F1F1;border: 10px solid #F1F1F1\" alt=\"\" title=\"\" src=\"https:\/\/nova.pgdig.si\/wp-content\/uploads\/2016\/05\/Optimized-IMG_0524-200x200.jpg\" rel=\"https:\/\/nova.pgdig.si\/wp-content\/uploads\/2016\/05\/Optimized-IMG_0524.JPG\" \/>\n\t\t\t\t\t\t\t\t\t\t\t\t\t\t\t<\/a>\n\t\t\t\t\t\t\t\t\t\t\t\t\t\t\t\t\t\t\t\t\t\t\t\t\t<\/p>\n\t\t\t\t\t\t\t\t\t\t\t\t\t\t\t\t\t\t\t\t\t\t\t\t\t<div style=\"width:220px;\" class=\"gllr_single_image_text gllr_single_image_text_under\">&nbsp;<\/div>\n\t\t\t\t\t\t\t\t\t\t\t\t\t\t\t\t\t\t\t\t\t\t\t<\/div><!-- .gllr_image_block -->\n\t\t\t\t\t\t\t\t\t\t\t\t\t\t\t\t\t\t\t\t\t<div class=\"gllr_image_block\">\n\t\t\t\t\t\t\t\t\t\t\t\t<p style=\"width:220px;height:220px;\">\n\t\t\t\t\t\t\t\t\t\t\t\t\t\t\t\t\t\t\t\t\t\t\t\t\t\t\t\t<a data-fancybox=\"gallery_fancybox_860\" href=\"https:\/\/nova.pgdig.si\/wp-content\/uploads\/2016\/05\/Optimized-IMG_0570.JPG\" title=\"\" >\n\t\t\t\t\t\t\t\t\t\t\t\t\t\t\t\t<img width=\"200\"height=\"200\" style=\"width:200px;height:200px;border-width: 10px; border-color:#F1F1F1;border: 10px solid #F1F1F1\" alt=\"\" title=\"\" src=\"https:\/\/nova.pgdig.si\/wp-content\/uploads\/2016\/05\/Optimized-IMG_0570-200x200.jpg\" rel=\"https:\/\/nova.pgdig.si\/wp-content\/uploads\/2016\/05\/Optimized-IMG_0570.JPG\" \/>\n\t\t\t\t\t\t\t\t\t\t\t\t\t\t\t<\/a>\n\t\t\t\t\t\t\t\t\t\t\t\t\t\t\t\t\t\t\t\t\t\t\t\t\t<\/p>\n\t\t\t\t\t\t\t\t\t\t\t\t\t\t\t\t\t\t\t\t\t\t\t\t\t<div style=\"width:220px;\" class=\"gllr_single_image_text gllr_single_image_text_under\">&nbsp;<\/div>\n\t\t\t\t\t\t\t\t\t\t\t\t\t\t\t\t\t\t\t\t\t\t\t<\/div><!-- .gllr_image_block -->\n\t\t\t\t\t\t\t\t\t\t\t\t\t\t\t\t\t\t\t\t\t<div class=\"gllr_image_block\">\n\t\t\t\t\t\t\t\t\t\t\t\t<p style=\"width:220px;height:220px;\">\n\t\t\t\t\t\t\t\t\t\t\t\t\t\t\t\t\t\t\t\t\t\t\t\t\t\t\t\t<a data-fancybox=\"gallery_fancybox_860\" href=\"https:\/\/nova.pgdig.si\/wp-content\/uploads\/2016\/05\/Optimized-IMG_0528.JPG\" title=\"\" >\n\t\t\t\t\t\t\t\t\t\t\t\t\t\t\t\t<img width=\"200\"height=\"200\" style=\"width:200px;height:200px;border-width: 10px; border-color:#F1F1F1;border: 10px solid #F1F1F1\" alt=\"\" title=\"\" src=\"https:\/\/nova.pgdig.si\/wp-content\/uploads\/2016\/05\/Optimized-IMG_0528-200x200.jpg\" rel=\"https:\/\/nova.pgdig.si\/wp-content\/uploads\/2016\/05\/Optimized-IMG_0528.JPG\" \/>\n\t\t\t\t\t\t\t\t\t\t\t\t\t\t\t<\/a>\n\t\t\t\t\t\t\t\t\t\t\t\t\t\t\t\t\t\t\t\t\t\t\t\t\t<\/p>\n\t\t\t\t\t\t\t\t\t\t\t\t\t\t\t\t\t\t\t\t\t\t\t\t\t<div style=\"width:220px;\" class=\"gllr_single_image_text gllr_single_image_text_under\">&nbsp;<\/div>\n\t\t\t\t\t\t\t\t\t\t\t\t\t\t\t\t\t\t\t\t\t\t\t<\/div><!-- .gllr_image_block -->\n\t\t\t\t\t\t\t\t\t\t\t\t\t\t\t\t\t\t\t\t\t<\/div><!-- .gllr_image_row -->\n\t\t\t\t\t\t\t\t\t\t\t\t\t\t\t\t\t\t\t\t\t<div class=\"gllr_image_row\">\n\t\t\t\t\t\t\t\t\t\t\t\t\t\t\t\t\t\t\t\t\t<div class=\"gllr_image_block\">\n\t\t\t\t\t\t\t\t\t\t\t\t<p style=\"width:220px;height:220px;\">\n\t\t\t\t\t\t\t\t\t\t\t\t\t\t\t\t\t\t\t\t\t\t\t\t\t\t\t\t<a data-fancybox=\"gallery_fancybox_860\" href=\"https:\/\/nova.pgdig.si\/wp-content\/uploads\/2016\/05\/Optimized-IMG_0529.JPG\" title=\"\" >\n\t\t\t\t\t\t\t\t\t\t\t\t\t\t\t\t<img width=\"200\"height=\"200\" style=\"width:200px;height:200px;border-width: 10px; border-color:#F1F1F1;border: 10px solid #F1F1F1\" alt=\"\" title=\"\" src=\"https:\/\/nova.pgdig.si\/wp-content\/uploads\/2016\/05\/Optimized-IMG_0529-200x200.jpg\" rel=\"https:\/\/nova.pgdig.si\/wp-content\/uploads\/2016\/05\/Optimized-IMG_0529.JPG\" \/>\n\t\t\t\t\t\t\t\t\t\t\t\t\t\t\t<\/a>\n\t\t\t\t\t\t\t\t\t\t\t\t\t\t\t\t\t\t\t\t\t\t\t\t\t<\/p>\n\t\t\t\t\t\t\t\t\t\t\t\t\t\t\t\t\t\t\t\t\t\t\t\t\t<div style=\"width:220px;\" class=\"gllr_single_image_text gllr_single_image_text_under\">&nbsp;<\/div>\n\t\t\t\t\t\t\t\t\t\t\t\t\t\t\t\t\t\t\t\t\t\t\t<\/div><!-- .gllr_image_block -->\n\t\t\t\t\t\t\t\t\t\t\t\t\t\t\t\t\t\t\t\t\t<div class=\"gllr_image_block\">\n\t\t\t\t\t\t\t\t\t\t\t\t<p style=\"width:220px;height:220px;\">\n\t\t\t\t\t\t\t\t\t\t\t\t\t\t\t\t\t\t\t\t\t\t\t\t\t\t\t\t<a data-fancybox=\"gallery_fancybox_860\" href=\"https:\/\/nova.pgdig.si\/wp-content\/uploads\/2016\/05\/Optimized-IMG_0530.JPG\" title=\"\" >\n\t\t\t\t\t\t\t\t\t\t\t\t\t\t\t\t<img width=\"200\"height=\"200\" style=\"width:200px;height:200px;border-width: 10px; border-color:#F1F1F1;border: 10px solid #F1F1F1\" alt=\"\" title=\"\" src=\"https:\/\/nova.pgdig.si\/wp-content\/uploads\/2016\/05\/Optimized-IMG_0530-200x200.jpg\" rel=\"https:\/\/nova.pgdig.si\/wp-content\/uploads\/2016\/05\/Optimized-IMG_0530.JPG\" \/>\n\t\t\t\t\t\t\t\t\t\t\t\t\t\t\t<\/a>\n\t\t\t\t\t\t\t\t\t\t\t\t\t\t\t\t\t\t\t\t\t\t\t\t\t<\/p>\n\t\t\t\t\t\t\t\t\t\t\t\t\t\t\t\t\t\t\t\t\t\t\t\t\t<div style=\"width:220px;\" class=\"gllr_single_image_text gllr_single_image_text_under\">&nbsp;<\/div>\n\t\t\t\t\t\t\t\t\t\t\t\t\t\t\t\t\t\t\t\t\t\t\t<\/div><!-- .gllr_image_block -->\n\t\t\t\t\t\t\t\t\t\t\t\t\t\t\t\t\t\t\t\t\t<div class=\"gllr_image_block\">\n\t\t\t\t\t\t\t\t\t\t\t\t<p style=\"width:220px;height:220px;\">\n\t\t\t\t\t\t\t\t\t\t\t\t\t\t\t\t\t\t\t\t\t\t\t\t\t\t\t\t<a data-fancybox=\"gallery_fancybox_860\" href=\"https:\/\/nova.pgdig.si\/wp-content\/uploads\/2016\/05\/Optimized-IMG_0527 (1).JPG\" title=\"\" >\n\t\t\t\t\t\t\t\t\t\t\t\t\t\t\t\t<img width=\"200\"height=\"200\" style=\"width:200px;height:200px;border-width: 10px; border-color:#F1F1F1;border: 10px solid #F1F1F1\" alt=\"\" title=\"\" src=\"https:\/\/nova.pgdig.si\/wp-content\/uploads\/2016\/05\/Optimized-IMG_0527 (1)-200x200.jpg\" rel=\"https:\/\/nova.pgdig.si\/wp-content\/uploads\/2016\/05\/Optimized-IMG_0527 (1).JPG\" \/>\n\t\t\t\t\t\t\t\t\t\t\t\t\t\t\t<\/a>\n\t\t\t\t\t\t\t\t\t\t\t\t\t\t\t\t\t\t\t\t\t\t\t\t\t<\/p>\n\t\t\t\t\t\t\t\t\t\t\t\t\t\t\t\t\t\t\t\t\t\t\t\t\t<div style=\"width:220px;\" class=\"gllr_single_image_text gllr_single_image_text_under\">&nbsp;<\/div>\n\t\t\t\t\t\t\t\t\t\t\t\t\t\t\t\t\t\t\t\t\t\t\t<\/div><!-- .gllr_image_block -->\n\t\t\t\t\t\t\t\t\t\t\t\t\t\t\t\t\t\t\t\t\t<\/div><!-- .gllr_image_row -->\n\t\t\t\t\t\t\t\t\t\t\t\t\t\t\t\t\t\t<\/div><!-- .gallery.clearfix -->\n\t\t\t\t\t\t\t\t\t\t\t\t\t<\/div><!-- .gallery_box_single -->\n\t\t\t\t\t\t<div class=\"gllr_clear\"><\/div>\n\t\t\t\t\t\n","protected":false},"excerpt":{"rendered":"<p>&nbsp; Gasilska oznaka: GVC 24\/50 Vzdevek: \u00a0Florijan Model: MAN, TGM 18.280 Nadgradnja: Gasilska vozila Pu\u0161nik Posadka: 1+2 Gasilsko vozilo s cisterno ima 5000 litrov vode, 500 litrov penila in prostora <a class=\"more-link\" href=\"https:\/\/nova.pgdig.si\/?gallery=gvc-2550\">Prika\u017ei ve\u010d\u2192<\/a><\/p>\n","protected":false},"author":1,"featured_media":0,"parent":543,"menu_order":0,"comment_status":"closed","ping_status":"closed","template":"","meta":[],"_links":{"self":[{"href":"https:\/\/nova.pgdig.si\/index.php?rest_route=\/wp\/v2\/pages\/519"}],"collection":[{"href":"https:\/\/nova.pgdig.si\/index.php?rest_route=\/wp\/v2\/pages"}],"about":[{"href":"https:\/\/nova.pgdig.si\/index.php?rest_route=\/wp\/v2\/types\/page"}],"author":[{"embeddable":true,"href":"https:\/\/nova.pgdig.si\/index.php?rest_route=\/wp\/v2\/users\/1"}],"replies":[{"embeddable":true,"href":"https:\/\/nova.pgdig.si\/index.php?rest_route=%2Fwp%2Fv2%2Fcomments&post=519"}],"version-history":[{"count":25,"href":"https:\/\/nova.pgdig.si\/index.php?rest_route=\/wp\/v2\/pages\/519\/revisions"}],"predecessor-version":[{"id":1140,"href":"https:\/\/nova.pgdig.si\/index.php?rest_route=\/wp\/v2\/pages\/519\/revisions\/1140"}],"up":[{"embeddable":true,"href":"https:\/\/nova.pgdig.si\/index.php?rest_route=\/wp\/v2\/pages\/543"}],"wp:attachment":[{"href":"https:\/\/nova.pgdig.si\/index.php?rest_route=%2Fwp%2Fv2%2Fmedia&parent=519"}],"curies":[{"name":"wp","href":"https:\/\/api.w.org\/{rel}","templated":true}]}}