{"id":530,"date":"2016-04-20T16:19:17","date_gmt":"2016-04-20T14:19:17","guid":{"rendered":"http:\/\/www.pgdig.si\/?page_id=530"},"modified":"2016-11-12T21:11:58","modified_gmt":"2016-11-12T20:11:58","slug":"gasilsko-vozilo-s-cisterno-1625","status":"publish","type":"page","link":"https:\/\/nova.pgdig.si\/?page_id=530","title":{"rendered":"Gasilsko vozilo s cisterno 16\/25"},"content":{"rendered":"<p><strong>Gasilska oznaka:<\/strong> GVC 16\/25<a href=\"http:\/\/nova.pgdig.si\/wp-content\/uploads\/2016\/04\/Optimized-IMG_0545.jpg\" rel=\"lightbox[gvc1625]\"><img loading=\"lazy\" class=\"alignright wp-image-885\" src=\"http:\/\/nova.pgdig.si\/wp-content\/uploads\/2016\/04\/Optimized-IMG_0545-400x300.jpg\" alt=\"Optimized-IMG_0545\" width=\"280\" height=\"210\" srcset=\"https:\/\/nova.pgdig.si\/wp-content\/uploads\/2016\/04\/Optimized-IMG_0545-400x300.jpg 400w, https:\/\/nova.pgdig.si\/wp-content\/uploads\/2016\/04\/Optimized-IMG_0545-300x225.jpg 300w, https:\/\/nova.pgdig.si\/wp-content\/uploads\/2016\/04\/Optimized-IMG_0545-900x675.jpg 900w, https:\/\/nova.pgdig.si\/wp-content\/uploads\/2016\/04\/Optimized-IMG_0545-160x120.jpg 160w, https:\/\/nova.pgdig.si\/wp-content\/uploads\/2016\/04\/Optimized-IMG_0545.jpg 933w\" sizes=\"(max-width: 280px) 100vw, 280px\" \/><\/a><br \/>\n<strong>Vzdevek:\u00a0 <\/strong>Brzi<br \/>\n<strong>Model:<\/strong> MAN, TGM 15.264<br \/>\n<strong>Nadgradnja:<\/strong> AS Dom\u017eale<br \/>\n<strong>Posadka:<\/strong> 1+8<\/p>\n<p>Gasilsko vozilo s cisterno ima 2500 litrov vode in prostora za posadko devetih gasilcev. Vgrajeno ima tudi visokotla\u010dno \u010drpalko Rosenbauer NH-20, z zmogljivostjo 2000 l\/min pretoka pri 10 bar tlaka. Uporabljena je skoraj na vsaki intervenciji, saj vsebuje najve\u010d opreme, lahko pripelje lepo \u0161tevilo gasilcev in zadostno koli\u010dino vode.<br \/>\n<a href=\"http:\/\/nova.pgdig.si\/wp-content\/uploads\/2016\/04\/Optimized-IMG_0543.jpg\" rel=\"lightbox[gvc1625]\"><img loading=\"lazy\" class=\"alignleft wp-image-886\" src=\"http:\/\/nova.pgdig.si\/wp-content\/uploads\/2016\/04\/Optimized-IMG_0543-400x300.jpg\" alt=\"Optimized-IMG_0543\" width=\"280\" height=\"210\" srcset=\"https:\/\/nova.pgdig.si\/wp-content\/uploads\/2016\/04\/Optimized-IMG_0543-400x300.jpg 400w, https:\/\/nova.pgdig.si\/wp-content\/uploads\/2016\/04\/Optimized-IMG_0543-300x225.jpg 300w, https:\/\/nova.pgdig.si\/wp-content\/uploads\/2016\/04\/Optimized-IMG_0543-900x675.jpg 900w, https:\/\/nova.pgdig.si\/wp-content\/uploads\/2016\/04\/Optimized-IMG_0543-160x120.jpg 160w, https:\/\/nova.pgdig.si\/wp-content\/uploads\/2016\/04\/Optimized-IMG_0543.jpg 933w\" sizes=\"(max-width: 280px) 100vw, 280px\" \/><\/a>Gasilci se lahko med vo\u017enjo v vozilu opremijo s \u0161tirimi izoliranimi dihalnimi aparati. V objekt se da hitro posredovati z dvema navijakoma z visokotla\u010dno cevjo.<\/p>\n<p>Vozilo ima \u00a0med opremo tudi lestev za re\u0161evanje in delo na vi\u0161ini. V primeru prometnih nesre\u010d ima tudi nosila, ambu,\u00a0defibrilator in torbo za prvo pomo\u010d.<\/p>\n<p>Na sprednjem delu vozila se nahaja vitel za vle\u010denje ali odmikanje vozil, te\u017ekih stvari, ipd.<\/p>\n<p><a href=\"http:\/\/nova.pgdig.si\/wp-content\/uploads\/2016\/04\/Optimized-IMG_0542.jpg\" rel=\"lightbox[gvc1625]\"><img loading=\"lazy\" class=\"alignright wp-image-887\" src=\"http:\/\/nova.pgdig.si\/wp-content\/uploads\/2016\/04\/Optimized-IMG_0542-400x300.jpg\" alt=\"Optimized-IMG_0542\" width=\"280\" height=\"210\" srcset=\"https:\/\/nova.pgdig.si\/wp-content\/uploads\/2016\/04\/Optimized-IMG_0542-400x300.jpg 400w, https:\/\/nova.pgdig.si\/wp-content\/uploads\/2016\/04\/Optimized-IMG_0542-300x225.jpg 300w, https:\/\/nova.pgdig.si\/wp-content\/uploads\/2016\/04\/Optimized-IMG_0542-900x675.jpg 900w, https:\/\/nova.pgdig.si\/wp-content\/uploads\/2016\/04\/Optimized-IMG_0542-160x120.jpg 160w, https:\/\/nova.pgdig.si\/wp-content\/uploads\/2016\/04\/Optimized-IMG_0542.jpg 933w\" sizes=\"(max-width: 280px) 100vw, 280px\" \/><\/a><\/p>\n<p>Prav tako imamo potopne \u010drpalke, gasilnike, kov\u010dek z dimni\u0161kim orodjem, na strehi pa kov\u010dek v katerem so travni\u0161ke metle, lopate, vile, kopa\u010de in cevni mosti\u010dki.<\/p>\n<p>Vozilo ima tudi agregat, ki nam omogo\u010da na kraju intervencije lastno elektriko. Tako lahko postavimo svetlobni stolp in dodatne prenesljive reflektorje ob slabi vidljivosti.<\/p>\n\t\t\t\t\t\t<div class=\"gallery_box_single\">\n\t\t\t\t\t\t\t&nbsp;\r\n\r\n&nbsp;\t\t\t\t\t\t\t\t<div class=\"gallery gllr_grid\" data-gllr-columns=\"3\" data-gllr-border-width=\"10\">\n\t\t\t\t\t\t\t\t\t\t\t\t\t\t\t\t\t\t\t\t<div class=\"gllr_image_row\">\n\t\t\t\t\t\t\t\t\t\t\t\t\t\t\t\t\t\t\t\t\t<div class=\"gllr_image_block\">\n\t\t\t\t\t\t\t\t\t\t\t\t<p style=\"width:220px;height:220px;\">\n\t\t\t\t\t\t\t\t\t\t\t\t\t\t\t\t\t\t\t\t\t\t\t\t\t\t\t\t<a data-fancybox=\"gallery_fancybox_870\" href=\"https:\/\/nova.pgdig.si\/wp-content\/uploads\/2016\/05\/Optimized-IMG_0546.JPG\" title=\"\" >\n\t\t\t\t\t\t\t\t\t\t\t\t\t\t\t\t<img width=\"200\"height=\"200\" style=\"width:200px;height:200px;border-width: 10px; border-color:#F1F1F1;border: 10px solid #F1F1F1\" alt=\"\" title=\"\" src=\"https:\/\/nova.pgdig.si\/wp-content\/uploads\/2016\/05\/Optimized-IMG_0546-200x200.jpg\" rel=\"https:\/\/nova.pgdig.si\/wp-content\/uploads\/2016\/05\/Optimized-IMG_0546.JPG\" \/>\n\t\t\t\t\t\t\t\t\t\t\t\t\t\t\t<\/a>\n\t\t\t\t\t\t\t\t\t\t\t\t\t\t\t\t\t\t\t\t\t\t\t\t\t<\/p>\n\t\t\t\t\t\t\t\t\t\t\t\t\t\t\t\t\t\t\t\t\t\t\t\t\t<div style=\"width:220px;\" class=\"gllr_single_image_text gllr_single_image_text_under\">&nbsp;<\/div>\n\t\t\t\t\t\t\t\t\t\t\t\t\t\t\t\t\t\t\t\t\t\t\t<\/div><!-- .gllr_image_block -->\n\t\t\t\t\t\t\t\t\t\t\t\t\t\t\t\t\t\t\t\t\t<div class=\"gllr_image_block\">\n\t\t\t\t\t\t\t\t\t\t\t\t<p style=\"width:220px;height:220px;\">\n\t\t\t\t\t\t\t\t\t\t\t\t\t\t\t\t\t\t\t\t\t\t\t\t\t\t\t\t<a data-fancybox=\"gallery_fancybox_870\" href=\"https:\/\/nova.pgdig.si\/wp-content\/uploads\/2016\/05\/Optimized-IMG_0544.JPG\" title=\"\" >\n\t\t\t\t\t\t\t\t\t\t\t\t\t\t\t\t<img width=\"200\"height=\"200\" style=\"width:200px;height:200px;border-width: 10px; border-color:#F1F1F1;border: 10px solid #F1F1F1\" alt=\"\" title=\"\" src=\"https:\/\/nova.pgdig.si\/wp-content\/uploads\/2016\/05\/Optimized-IMG_0544-200x200.jpg\" rel=\"https:\/\/nova.pgdig.si\/wp-content\/uploads\/2016\/05\/Optimized-IMG_0544.JPG\" \/>\n\t\t\t\t\t\t\t\t\t\t\t\t\t\t\t<\/a>\n\t\t\t\t\t\t\t\t\t\t\t\t\t\t\t\t\t\t\t\t\t\t\t\t\t<\/p>\n\t\t\t\t\t\t\t\t\t\t\t\t\t\t\t\t\t\t\t\t\t\t\t\t\t<div style=\"width:220px;\" class=\"gllr_single_image_text gllr_single_image_text_under\">&nbsp;<\/div>\n\t\t\t\t\t\t\t\t\t\t\t\t\t\t\t\t\t\t\t\t\t\t\t<\/div><!-- .gllr_image_block -->\n\t\t\t\t\t\t\t\t\t\t\t\t\t\t\t\t\t\t\t\t\t<div class=\"gllr_image_block\">\n\t\t\t\t\t\t\t\t\t\t\t\t<p style=\"width:220px;height:220px;\">\n\t\t\t\t\t\t\t\t\t\t\t\t\t\t\t\t\t\t\t\t\t\t\t\t\t\t\t\t<a data-fancybox=\"gallery_fancybox_870\" href=\"https:\/\/nova.pgdig.si\/wp-content\/uploads\/2016\/05\/Optimized-IMG_0548.JPG\" title=\"\" >\n\t\t\t\t\t\t\t\t\t\t\t\t\t\t\t\t<img width=\"200\"height=\"200\" style=\"width:200px;height:200px;border-width: 10px; border-color:#F1F1F1;border: 10px solid #F1F1F1\" alt=\"\" title=\"\" src=\"https:\/\/nova.pgdig.si\/wp-content\/uploads\/2016\/05\/Optimized-IMG_0548-200x200.jpg\" rel=\"https:\/\/nova.pgdig.si\/wp-content\/uploads\/2016\/05\/Optimized-IMG_0548.JPG\" \/>\n\t\t\t\t\t\t\t\t\t\t\t\t\t\t\t<\/a>\n\t\t\t\t\t\t\t\t\t\t\t\t\t\t\t\t\t\t\t\t\t\t\t\t\t<\/p>\n\t\t\t\t\t\t\t\t\t\t\t\t\t\t\t\t\t\t\t\t\t\t\t\t\t<div style=\"width:220px;\" class=\"gllr_single_image_text gllr_single_image_text_under\">&nbsp;<\/div>\n\t\t\t\t\t\t\t\t\t\t\t\t\t\t\t\t\t\t\t\t\t\t\t<\/div><!-- .gllr_image_block -->\n\t\t\t\t\t\t\t\t\t\t\t\t\t\t\t\t\t\t\t\t\t<\/div><!-- .gllr_image_row -->\n\t\t\t\t\t\t\t\t\t\t\t\t\t\t\t\t\t\t\t\t\t<div class=\"gllr_image_row\">\n\t\t\t\t\t\t\t\t\t\t\t\t\t\t\t\t\t\t\t\t\t<div class=\"gllr_image_block\">\n\t\t\t\t\t\t\t\t\t\t\t\t<p style=\"width:220px;height:220px;\">\n\t\t\t\t\t\t\t\t\t\t\t\t\t\t\t\t\t\t\t\t\t\t\t\t\t\t\t\t<a data-fancybox=\"gallery_fancybox_870\" href=\"https:\/\/nova.pgdig.si\/wp-content\/uploads\/2016\/05\/Optimized-IMG_0531.JPG\" title=\"\" >\n\t\t\t\t\t\t\t\t\t\t\t\t\t\t\t\t<img width=\"200\"height=\"200\" style=\"width:200px;height:200px;border-width: 10px; border-color:#F1F1F1;border: 10px solid #F1F1F1\" alt=\"\" title=\"\" src=\"https:\/\/nova.pgdig.si\/wp-content\/uploads\/2016\/05\/Optimized-IMG_0531-200x200.jpg\" rel=\"https:\/\/nova.pgdig.si\/wp-content\/uploads\/2016\/05\/Optimized-IMG_0531.JPG\" \/>\n\t\t\t\t\t\t\t\t\t\t\t\t\t\t\t<\/a>\n\t\t\t\t\t\t\t\t\t\t\t\t\t\t\t\t\t\t\t\t\t\t\t\t\t<\/p>\n\t\t\t\t\t\t\t\t\t\t\t\t\t\t\t\t\t\t\t\t\t\t\t\t\t<div style=\"width:220px;\" class=\"gllr_single_image_text gllr_single_image_text_under\">&nbsp;<\/div>\n\t\t\t\t\t\t\t\t\t\t\t\t\t\t\t\t\t\t\t\t\t\t\t<\/div><!-- .gllr_image_block -->\n\t\t\t\t\t\t\t\t\t\t\t\t\t\t\t\t\t\t\t\t\t<div class=\"gllr_image_block\">\n\t\t\t\t\t\t\t\t\t\t\t\t<p style=\"width:220px;height:220px;\">\n\t\t\t\t\t\t\t\t\t\t\t\t\t\t\t\t\t\t\t\t\t\t\t\t\t\t\t\t<a data-fancybox=\"gallery_fancybox_870\" href=\"https:\/\/nova.pgdig.si\/wp-content\/uploads\/2016\/05\/Optimized-IMG_0532 (1).JPG\" title=\"\" >\n\t\t\t\t\t\t\t\t\t\t\t\t\t\t\t\t<img width=\"200\"height=\"200\" style=\"width:200px;height:200px;border-width: 10px; border-color:#F1F1F1;border: 10px solid #F1F1F1\" alt=\"\" title=\"\" src=\"https:\/\/nova.pgdig.si\/wp-content\/uploads\/2016\/05\/Optimized-IMG_0532 (1)-200x200.jpg\" rel=\"https:\/\/nova.pgdig.si\/wp-content\/uploads\/2016\/05\/Optimized-IMG_0532 (1).JPG\" \/>\n\t\t\t\t\t\t\t\t\t\t\t\t\t\t\t<\/a>\n\t\t\t\t\t\t\t\t\t\t\t\t\t\t\t\t\t\t\t\t\t\t\t\t\t<\/p>\n\t\t\t\t\t\t\t\t\t\t\t\t\t\t\t\t\t\t\t\t\t\t\t\t\t<div style=\"width:220px;\" class=\"gllr_single_image_text gllr_single_image_text_under\">&nbsp;<\/div>\n\t\t\t\t\t\t\t\t\t\t\t\t\t\t\t\t\t\t\t\t\t\t\t<\/div><!-- .gllr_image_block -->\n\t\t\t\t\t\t\t\t\t\t\t\t\t\t\t\t\t\t\t\t\t<div class=\"gllr_image_block\">\n\t\t\t\t\t\t\t\t\t\t\t\t<p style=\"width:220px;height:220px;\">\n\t\t\t\t\t\t\t\t\t\t\t\t\t\t\t\t\t\t\t\t\t\t\t\t\t\t\t\t<a data-fancybox=\"gallery_fancybox_870\" href=\"https:\/\/nova.pgdig.si\/wp-content\/uploads\/2016\/05\/Optimized-IMG_0534.JPG\" title=\"\" >\n\t\t\t\t\t\t\t\t\t\t\t\t\t\t\t\t<img width=\"200\"height=\"200\" style=\"width:200px;height:200px;border-width: 10px; border-color:#F1F1F1;border: 10px solid #F1F1F1\" alt=\"\" title=\"\" src=\"https:\/\/nova.pgdig.si\/wp-content\/uploads\/2016\/05\/Optimized-IMG_0534-200x200.jpg\" rel=\"https:\/\/nova.pgdig.si\/wp-content\/uploads\/2016\/05\/Optimized-IMG_0534.JPG\" \/>\n\t\t\t\t\t\t\t\t\t\t\t\t\t\t\t<\/a>\n\t\t\t\t\t\t\t\t\t\t\t\t\t\t\t\t\t\t\t\t\t\t\t\t\t<\/p>\n\t\t\t\t\t\t\t\t\t\t\t\t\t\t\t\t\t\t\t\t\t\t\t\t\t<div style=\"width:220px;\" class=\"gllr_single_image_text gllr_single_image_text_under\">&nbsp;<\/div>\n\t\t\t\t\t\t\t\t\t\t\t\t\t\t\t\t\t\t\t\t\t\t\t<\/div><!-- .gllr_image_block -->\n\t\t\t\t\t\t\t\t\t\t\t\t\t\t\t\t\t\t\t\t\t<\/div><!-- .gllr_image_row -->\n\t\t\t\t\t\t\t\t\t\t\t\t\t\t\t\t\t\t\t\t\t<div class=\"gllr_image_row\">\n\t\t\t\t\t\t\t\t\t\t\t\t\t\t\t\t\t\t\t\t\t<div class=\"gllr_image_block\">\n\t\t\t\t\t\t\t\t\t\t\t\t<p style=\"width:220px;height:220px;\">\n\t\t\t\t\t\t\t\t\t\t\t\t\t\t\t\t\t\t\t\t\t\t\t\t\t\t\t\t<a data-fancybox=\"gallery_fancybox_870\" href=\"https:\/\/nova.pgdig.si\/wp-content\/uploads\/2016\/05\/Optimized-IMG_0550.JPG\" title=\"\" >\n\t\t\t\t\t\t\t\t\t\t\t\t\t\t\t\t<img width=\"200\"height=\"200\" style=\"width:200px;height:200px;border-width: 10px; border-color:#F1F1F1;border: 10px solid #F1F1F1\" alt=\"\" title=\"\" src=\"https:\/\/nova.pgdig.si\/wp-content\/uploads\/2016\/05\/Optimized-IMG_0550-200x200.jpg\" rel=\"https:\/\/nova.pgdig.si\/wp-content\/uploads\/2016\/05\/Optimized-IMG_0550.JPG\" \/>\n\t\t\t\t\t\t\t\t\t\t\t\t\t\t\t<\/a>\n\t\t\t\t\t\t\t\t\t\t\t\t\t\t\t\t\t\t\t\t\t\t\t\t\t<\/p>\n\t\t\t\t\t\t\t\t\t\t\t\t\t\t\t\t\t\t\t\t\t\t\t\t\t<div style=\"width:220px;\" class=\"gllr_single_image_text gllr_single_image_text_under\">&nbsp;<\/div>\n\t\t\t\t\t\t\t\t\t\t\t\t\t\t\t\t\t\t\t\t\t\t\t<\/div><!-- .gllr_image_block -->\n\t\t\t\t\t\t\t\t\t\t\t\t\t\t\t\t\t\t\t\t\t<div class=\"gllr_image_block\">\n\t\t\t\t\t\t\t\t\t\t\t\t<p style=\"width:220px;height:220px;\">\n\t\t\t\t\t\t\t\t\t\t\t\t\t\t\t\t\t\t\t\t\t\t\t\t\t\t\t\t<a data-fancybox=\"gallery_fancybox_870\" href=\"https:\/\/nova.pgdig.si\/wp-content\/uploads\/2016\/05\/Optimized-IMG_0538.JPG\" title=\"\" >\n\t\t\t\t\t\t\t\t\t\t\t\t\t\t\t\t<img width=\"200\"height=\"200\" style=\"width:200px;height:200px;border-width: 10px; border-color:#F1F1F1;border: 10px solid #F1F1F1\" alt=\"\" title=\"\" src=\"https:\/\/nova.pgdig.si\/wp-content\/uploads\/2016\/05\/Optimized-IMG_0538-200x200.jpg\" rel=\"https:\/\/nova.pgdig.si\/wp-content\/uploads\/2016\/05\/Optimized-IMG_0538.JPG\" \/>\n\t\t\t\t\t\t\t\t\t\t\t\t\t\t\t<\/a>\n\t\t\t\t\t\t\t\t\t\t\t\t\t\t\t\t\t\t\t\t\t\t\t\t\t<\/p>\n\t\t\t\t\t\t\t\t\t\t\t\t\t\t\t\t\t\t\t\t\t\t\t\t\t<div style=\"width:220px;\" class=\"gllr_single_image_text gllr_single_image_text_under\">&nbsp;<\/div>\n\t\t\t\t\t\t\t\t\t\t\t\t\t\t\t\t\t\t\t\t\t\t\t<\/div><!-- .gllr_image_block -->\n\t\t\t\t\t\t\t\t\t\t\t\t\t\t\t\t\t\t\t\t\t<div class=\"gllr_image_block\">\n\t\t\t\t\t\t\t\t\t\t\t\t<p style=\"width:220px;height:220px;\">\n\t\t\t\t\t\t\t\t\t\t\t\t\t\t\t\t\t\t\t\t\t\t\t\t\t\t\t\t<a data-fancybox=\"gallery_fancybox_870\" href=\"https:\/\/nova.pgdig.si\/wp-content\/uploads\/2016\/05\/Optimized-IMG_0535.JPG\" title=\"\" >\n\t\t\t\t\t\t\t\t\t\t\t\t\t\t\t\t<img width=\"200\"height=\"200\" style=\"width:200px;height:200px;border-width: 10px; border-color:#F1F1F1;border: 10px solid #F1F1F1\" alt=\"\" title=\"\" src=\"https:\/\/nova.pgdig.si\/wp-content\/uploads\/2016\/05\/Optimized-IMG_0535-200x200.jpg\" rel=\"https:\/\/nova.pgdig.si\/wp-content\/uploads\/2016\/05\/Optimized-IMG_0535.JPG\" \/>\n\t\t\t\t\t\t\t\t\t\t\t\t\t\t\t<\/a>\n\t\t\t\t\t\t\t\t\t\t\t\t\t\t\t\t\t\t\t\t\t\t\t\t\t<\/p>\n\t\t\t\t\t\t\t\t\t\t\t\t\t\t\t\t\t\t\t\t\t\t\t\t\t<div style=\"width:220px;\" class=\"gllr_single_image_text gllr_single_image_text_under\">&nbsp;<\/div>\n\t\t\t\t\t\t\t\t\t\t\t\t\t\t\t\t\t\t\t\t\t\t\t<\/div><!-- .gllr_image_block -->\n\t\t\t\t\t\t\t\t\t\t\t\t\t\t\t\t\t\t\t\t\t<\/div><!-- .gllr_image_row -->\n\t\t\t\t\t\t\t\t\t\t\t\t\t\t\t\t\t\t\t\t\t<div class=\"gllr_image_row\">\n\t\t\t\t\t\t\t\t\t\t\t\t\t\t\t\t\t\t\t\t\t<div class=\"gllr_image_block\">\n\t\t\t\t\t\t\t\t\t\t\t\t<p style=\"width:220px;height:220px;\">\n\t\t\t\t\t\t\t\t\t\t\t\t\t\t\t\t\t\t\t\t\t\t\t\t\t\t\t\t<a data-fancybox=\"gallery_fancybox_870\" href=\"https:\/\/nova.pgdig.si\/wp-content\/uploads\/2016\/05\/Optimized-IMG_0540.JPG\" title=\"\" >\n\t\t\t\t\t\t\t\t\t\t\t\t\t\t\t\t<img width=\"200\"height=\"200\" style=\"width:200px;height:200px;border-width: 10px; border-color:#F1F1F1;border: 10px solid #F1F1F1\" alt=\"\" title=\"\" src=\"https:\/\/nova.pgdig.si\/wp-content\/uploads\/2016\/05\/Optimized-IMG_0540-200x200.jpg\" rel=\"https:\/\/nova.pgdig.si\/wp-content\/uploads\/2016\/05\/Optimized-IMG_0540.JPG\" \/>\n\t\t\t\t\t\t\t\t\t\t\t\t\t\t\t<\/a>\n\t\t\t\t\t\t\t\t\t\t\t\t\t\t\t\t\t\t\t\t\t\t\t\t\t<\/p>\n\t\t\t\t\t\t\t\t\t\t\t\t\t\t\t\t\t\t\t\t\t\t\t\t\t<div style=\"width:220px;\" class=\"gllr_single_image_text gllr_single_image_text_under\">&nbsp;<\/div>\n\t\t\t\t\t\t\t\t\t\t\t\t\t\t\t\t\t\t\t\t\t\t\t<\/div><!-- .gllr_image_block -->\n\t\t\t\t\t\t\t\t\t\t\t\t\t\t\t\t\t\t\t\t\t<div class=\"clear\"><\/div>\n\t\t\t\t\t\t\t\t\t\t<\/div><!-- .gllr_image_row -->\n\t\t\t\t\t\t\t\t\t\t\t\t\t\t\t\t\t<\/div><!-- .gallery.clearfix -->\n\t\t\t\t\t\t\t\t\t\t\t\t\t<\/div><!-- .gallery_box_single -->\n\t\t\t\t\t\t<div class=\"gllr_clear\"><\/div>\n\t\t\t\t\t\n","protected":false},"excerpt":{"rendered":"<p>Gasilska oznaka: GVC 16\/25 Vzdevek:\u00a0 Brzi Model: MAN, TGM 15.264 Nadgradnja: AS Dom\u017eale Posadka: 1+8 Gasilsko vozilo s cisterno ima 2500 litrov vode in prostora za posadko devetih gasilcev. Vgrajeno <a class=\"more-link\" href=\"https:\/\/nova.pgdig.si\/?gallery=gvc-1625\">Prika\u017ei ve\u010d\u2192<\/a><\/p>\n","protected":false},"author":1,"featured_media":0,"parent":543,"menu_order":0,"comment_status":"closed","ping_status":"closed","template":"","meta":[],"_links":{"self":[{"href":"https:\/\/nova.pgdig.si\/index.php?rest_route=\/wp\/v2\/pages\/530"}],"collection":[{"href":"https:\/\/nova.pgdig.si\/index.php?rest_route=\/wp\/v2\/pages"}],"about":[{"href":"https:\/\/nova.pgdig.si\/index.php?rest_route=\/wp\/v2\/types\/page"}],"author":[{"embeddable":true,"href":"https:\/\/nova.pgdig.si\/index.php?rest_route=\/wp\/v2\/users\/1"}],"replies":[{"embeddable":true,"href":"https:\/\/nova.pgdig.si\/index.php?rest_route=%2Fwp%2Fv2%2Fcomments&post=530"}],"version-history":[{"count":14,"href":"https:\/\/nova.pgdig.si\/index.php?rest_route=\/wp\/v2\/pages\/530\/revisions"}],"predecessor-version":[{"id":1308,"href":"https:\/\/nova.pgdig.si\/index.php?rest_route=\/wp\/v2\/pages\/530\/revisions\/1308"}],"up":[{"embeddable":true,"href":"https:\/\/nova.pgdig.si\/index.php?rest_route=\/wp\/v2\/pages\/543"}],"wp:attachment":[{"href":"https:\/\/nova.pgdig.si\/index.php?rest_route=%2Fwp%2Fv2%2Fmedia&parent=530"}],"curies":[{"name":"wp","href":"https:\/\/api.w.org\/{rel}","templated":true}]}}