{"id":531,"date":"2016-04-20T16:19:44","date_gmt":"2016-04-20T14:19:44","guid":{"rendered":"http:\/\/www.pgdig.si\/?page_id=531"},"modified":"2016-11-12T21:12:19","modified_gmt":"2016-11-12T20:12:19","slug":"gasilsko-vozilo-za-prevoz-mostva","status":"publish","type":"page","link":"https:\/\/nova.pgdig.si\/?page_id=531","title":{"rendered":"Gasilsko vozilo za prevoz mo\u0161tva"},"content":{"rendered":"<p><strong>Gasilska oznaka:<\/strong>\u00a0GVM-1<a href=\"http:\/\/nova.pgdig.si\/wp-content\/uploads\/2016\/04\/Optimized-hrcek1.jpg\" rel=\"lightbox[transporter]\"><img loading=\"lazy\" class=\" wp-image-752 alignright\" src=\"http:\/\/nova.pgdig.si\/wp-content\/uploads\/2016\/04\/Optimized-hrcek1-400x264.jpg\" alt=\"Optimized-hrcek1\" width=\"300\" height=\"200\" srcset=\"https:\/\/nova.pgdig.si\/wp-content\/uploads\/2016\/04\/Optimized-hrcek1-120x80.jpg 120w, https:\/\/nova.pgdig.si\/wp-content\/uploads\/2016\/04\/Optimized-hrcek1.jpg 755w\" sizes=\"(max-width: 300px) 100vw, 300px\" \/><\/a><br \/>\n<strong>Vzdevek:\u00a0<\/strong><b>\u00a0<\/b>Hr\u010dek<br \/>\n<strong><i>Model:<\/i><\/strong><i>\u00a0<\/i><em>Volkswagen, Transporter T5 2.0 TDI 4M<\/em><i><br \/>\n<strong>Nadgradnja:<\/strong>\u00a0<em>IVL d.o.o.<\/em><br \/>\n<strong>Posadka:<\/strong>\u00a0<em>1+8<\/em><\/i><\/p>\n<p>Gasilsko vozilo za prevoz mo\u0161tva, kot \u017ee samo ime pove, uporabljamo za prevoz devetih gasilcev na kraj intervencije. Vozilo je hitro in okretno, kljub temu pa ima tudi nekaj opreme.<\/p>\n<p><a href=\"http:\/\/nova.pgdig.si\/wp-content\/uploads\/2016\/04\/Optimized-hrcek-1.jpg\" rel=\"lightbox[transporter]\"><img loading=\"lazy\" class=\"alignleft wp-image-754\" src=\"http:\/\/nova.pgdig.si\/wp-content\/uploads\/2016\/04\/Optimized-hrcek-1-400x264.jpg\" alt=\"Optimized-hrcek\" width=\"300\" height=\"200\" srcset=\"https:\/\/nova.pgdig.si\/wp-content\/uploads\/2016\/04\/Optimized-hrcek-1-120x80.jpg 120w, https:\/\/nova.pgdig.si\/wp-content\/uploads\/2016\/04\/Optimized-hrcek-1.jpg 755w\" sizes=\"(max-width: 300px) 100vw, 300px\" \/><\/a><\/p>\n<p>V zadnjem delu vozila se nahaja velik kov\u010dek z opremo. V njem je oprema za zavarovanje prizori\u0161\u010da, prva pomo\u010d, ambu, odeje in nekaj ro\u010dnega orodja.<\/p>\n<p>V primeru za\u010detnega po\u017eara, ko je treba hitro posredovati, ima vozilo tudi gasilne aparate s prahom in ogljikovim dioksidom.<\/p>\n<p>&nbsp;<\/p>\n<p><a href=\"http:\/\/nova.pgdig.si\/wp-content\/uploads\/2016\/04\/transporter.jpg\" rel=\"lightbox[transporter]\"><img loading=\"lazy\" class=\" wp-image-749 alignright\" src=\"http:\/\/nova.pgdig.si\/wp-content\/uploads\/2016\/04\/transporter-400x262.jpg\" alt=\"transporter\" width=\"300\" height=\"200\" \/><\/a><\/p>\n<p>Vozilo ima tudi mo\u017enost priklopa prikolice s katero lahko preva\u017eamo prenosno \u010drpalko, cevi, motorne \u017eage, protipoplavne vre\u010de,\u00a0 gasilske klopi, ipd.<\/p>\n<p>Avto tudi uporabljamo za prevoz ljudi na gasilska tekmovanja in manj\u0161e opreme, za na servis.<\/p>\n\t\t\t\t\t\t<div class=\"gallery_box_single\">\n\t\t\t\t\t\t\t\t\t\t\t\t\t\t\t<div class=\"gallery gllr_grid\" data-gllr-columns=\"3\" data-gllr-border-width=\"10\">\n\t\t\t\t\t\t\t\t\t\t\t\t\t\t\t\t\t\t\t\t<div class=\"gllr_image_row\">\n\t\t\t\t\t\t\t\t\t\t\t\t\t\t\t\t\t\t\t\t\t<div class=\"gllr_image_block\">\n\t\t\t\t\t\t\t\t\t\t\t\t<p style=\"width:220px;height:220px;\">\n\t\t\t\t\t\t\t\t\t\t\t\t\t\t\t\t\t\t\t\t\t\t\t\t\t\t\t\t<a data-fancybox=\"gallery_fancybox_909\" href=\"https:\/\/nova.pgdig.si\/wp-content\/uploads\/2016\/05\/Optimized-IMG_0590.JPG\" title=\"\" >\n\t\t\t\t\t\t\t\t\t\t\t\t\t\t\t\t<img width=\"200\"height=\"200\" style=\"width:200px;height:200px;border-width: 10px; border-color:#F1F1F1;border: 10px solid #F1F1F1\" alt=\"\" title=\"\" src=\"https:\/\/nova.pgdig.si\/wp-content\/uploads\/2016\/05\/Optimized-IMG_0590-200x200.jpg\" rel=\"https:\/\/nova.pgdig.si\/wp-content\/uploads\/2016\/05\/Optimized-IMG_0590.JPG\" \/>\n\t\t\t\t\t\t\t\t\t\t\t\t\t\t\t<\/a>\n\t\t\t\t\t\t\t\t\t\t\t\t\t\t\t\t\t\t\t\t\t\t\t\t\t<\/p>\n\t\t\t\t\t\t\t\t\t\t\t\t\t\t\t\t\t\t\t\t\t\t\t\t\t<div style=\"width:220px;\" class=\"gllr_single_image_text gllr_single_image_text_under\">&nbsp;<\/div>\n\t\t\t\t\t\t\t\t\t\t\t\t\t\t\t\t\t\t\t\t\t\t\t<\/div><!-- .gllr_image_block -->\n\t\t\t\t\t\t\t\t\t\t\t\t\t\t\t\t\t\t\t\t\t<div class=\"gllr_image_block\">\n\t\t\t\t\t\t\t\t\t\t\t\t<p style=\"width:220px;height:220px;\">\n\t\t\t\t\t\t\t\t\t\t\t\t\t\t\t\t\t\t\t\t\t\t\t\t\t\t\t\t<a data-fancybox=\"gallery_fancybox_909\" href=\"https:\/\/nova.pgdig.si\/wp-content\/uploads\/2016\/05\/Optimized-IMG_0591.JPG\" title=\"\" >\n\t\t\t\t\t\t\t\t\t\t\t\t\t\t\t\t<img width=\"200\"height=\"200\" style=\"width:200px;height:200px;border-width: 10px; border-color:#F1F1F1;border: 10px solid #F1F1F1\" alt=\"\" title=\"\" src=\"https:\/\/nova.pgdig.si\/wp-content\/uploads\/2016\/05\/Optimized-IMG_0591-200x200.jpg\" rel=\"https:\/\/nova.pgdig.si\/wp-content\/uploads\/2016\/05\/Optimized-IMG_0591.JPG\" \/>\n\t\t\t\t\t\t\t\t\t\t\t\t\t\t\t<\/a>\n\t\t\t\t\t\t\t\t\t\t\t\t\t\t\t\t\t\t\t\t\t\t\t\t\t<\/p>\n\t\t\t\t\t\t\t\t\t\t\t\t\t\t\t\t\t\t\t\t\t\t\t\t\t<div style=\"width:220px;\" class=\"gllr_single_image_text gllr_single_image_text_under\">&nbsp;<\/div>\n\t\t\t\t\t\t\t\t\t\t\t\t\t\t\t\t\t\t\t\t\t\t\t<\/div><!-- .gllr_image_block -->\n\t\t\t\t\t\t\t\t\t\t\t\t\t\t\t\t\t\t\t\t\t<div class=\"gllr_image_block\">\n\t\t\t\t\t\t\t\t\t\t\t\t<p style=\"width:220px;height:220px;\">\n\t\t\t\t\t\t\t\t\t\t\t\t\t\t\t\t\t\t\t\t\t\t\t\t\t\t\t\t<a data-fancybox=\"gallery_fancybox_909\" href=\"https:\/\/nova.pgdig.si\/wp-content\/uploads\/2016\/05\/Optimized-IMG_0584.JPG\" title=\"\" >\n\t\t\t\t\t\t\t\t\t\t\t\t\t\t\t\t<img width=\"200\"height=\"200\" style=\"width:200px;height:200px;border-width: 10px; border-color:#F1F1F1;border: 10px solid #F1F1F1\" alt=\"\" title=\"\" src=\"https:\/\/nova.pgdig.si\/wp-content\/uploads\/2016\/05\/Optimized-IMG_0584-200x200.jpg\" rel=\"https:\/\/nova.pgdig.si\/wp-content\/uploads\/2016\/05\/Optimized-IMG_0584.JPG\" \/>\n\t\t\t\t\t\t\t\t\t\t\t\t\t\t\t<\/a>\n\t\t\t\t\t\t\t\t\t\t\t\t\t\t\t\t\t\t\t\t\t\t\t\t\t<\/p>\n\t\t\t\t\t\t\t\t\t\t\t\t\t\t\t\t\t\t\t\t\t\t\t\t\t<div style=\"width:220px;\" class=\"gllr_single_image_text gllr_single_image_text_under\">&nbsp;<\/div>\n\t\t\t\t\t\t\t\t\t\t\t\t\t\t\t\t\t\t\t\t\t\t\t<\/div><!-- .gllr_image_block -->\n\t\t\t\t\t\t\t\t\t\t\t\t\t\t\t\t\t\t\t\t\t<\/div><!-- .gllr_image_row -->\n\t\t\t\t\t\t\t\t\t\t\t\t\t\t\t\t\t\t\t\t\t<div class=\"gllr_image_row\">\n\t\t\t\t\t\t\t\t\t\t\t\t\t\t\t\t\t\t\t\t\t<div class=\"gllr_image_block\">\n\t\t\t\t\t\t\t\t\t\t\t\t<p style=\"width:220px;height:220px;\">\n\t\t\t\t\t\t\t\t\t\t\t\t\t\t\t\t\t\t\t\t\t\t\t\t\t\t\t\t<a data-fancybox=\"gallery_fancybox_909\" href=\"https:\/\/nova.pgdig.si\/wp-content\/uploads\/2016\/05\/Optimized-IMG_0586.JPG\" title=\"\" >\n\t\t\t\t\t\t\t\t\t\t\t\t\t\t\t\t<img width=\"200\"height=\"200\" style=\"width:200px;height:200px;border-width: 10px; border-color:#F1F1F1;border: 10px solid #F1F1F1\" alt=\"\" title=\"\" src=\"https:\/\/nova.pgdig.si\/wp-content\/uploads\/2016\/05\/Optimized-IMG_0586-200x200.jpg\" rel=\"https:\/\/nova.pgdig.si\/wp-content\/uploads\/2016\/05\/Optimized-IMG_0586.JPG\" \/>\n\t\t\t\t\t\t\t\t\t\t\t\t\t\t\t<\/a>\n\t\t\t\t\t\t\t\t\t\t\t\t\t\t\t\t\t\t\t\t\t\t\t\t\t<\/p>\n\t\t\t\t\t\t\t\t\t\t\t\t\t\t\t\t\t\t\t\t\t\t\t\t\t<div style=\"width:220px;\" class=\"gllr_single_image_text gllr_single_image_text_under\">&nbsp;<\/div>\n\t\t\t\t\t\t\t\t\t\t\t\t\t\t\t\t\t\t\t\t\t\t\t<\/div><!-- .gllr_image_block -->\n\t\t\t\t\t\t\t\t\t\t\t\t\t\t\t\t\t\t\t\t\t<div class=\"gllr_image_block\">\n\t\t\t\t\t\t\t\t\t\t\t\t<p style=\"width:220px;height:220px;\">\n\t\t\t\t\t\t\t\t\t\t\t\t\t\t\t\t\t\t\t\t\t\t\t\t\t\t\t\t<a data-fancybox=\"gallery_fancybox_909\" href=\"https:\/\/nova.pgdig.si\/wp-content\/uploads\/2016\/05\/Optimized-IMG_0589.JPG\" title=\"\" >\n\t\t\t\t\t\t\t\t\t\t\t\t\t\t\t\t<img width=\"200\"height=\"200\" style=\"width:200px;height:200px;border-width: 10px; border-color:#F1F1F1;border: 10px solid #F1F1F1\" alt=\"\" title=\"\" src=\"https:\/\/nova.pgdig.si\/wp-content\/uploads\/2016\/05\/Optimized-IMG_0589-200x200.jpg\" rel=\"https:\/\/nova.pgdig.si\/wp-content\/uploads\/2016\/05\/Optimized-IMG_0589.JPG\" \/>\n\t\t\t\t\t\t\t\t\t\t\t\t\t\t\t<\/a>\n\t\t\t\t\t\t\t\t\t\t\t\t\t\t\t\t\t\t\t\t\t\t\t\t\t<\/p>\n\t\t\t\t\t\t\t\t\t\t\t\t\t\t\t\t\t\t\t\t\t\t\t\t\t<div style=\"width:220px;\" class=\"gllr_single_image_text gllr_single_image_text_under\">&nbsp;<\/div>\n\t\t\t\t\t\t\t\t\t\t\t\t\t\t\t\t\t\t\t\t\t\t\t<\/div><!-- .gllr_image_block -->\n\t\t\t\t\t\t\t\t\t\t\t\t\t\t\t\t\t\t\t\t\t<div class=\"gllr_image_block\">\n\t\t\t\t\t\t\t\t\t\t\t\t<p style=\"width:220px;height:220px;\">\n\t\t\t\t\t\t\t\t\t\t\t\t\t\t\t\t\t\t\t\t\t\t\t\t\t\t\t\t<a data-fancybox=\"gallery_fancybox_909\" href=\"https:\/\/nova.pgdig.si\/wp-content\/uploads\/2016\/05\/Optimized-IMG_0585.JPG\" title=\"\" >\n\t\t\t\t\t\t\t\t\t\t\t\t\t\t\t\t<img width=\"200\"height=\"200\" style=\"width:200px;height:200px;border-width: 10px; border-color:#F1F1F1;border: 10px solid #F1F1F1\" alt=\"\" title=\"\" src=\"https:\/\/nova.pgdig.si\/wp-content\/uploads\/2016\/05\/Optimized-IMG_0585-200x200.jpg\" rel=\"https:\/\/nova.pgdig.si\/wp-content\/uploads\/2016\/05\/Optimized-IMG_0585.JPG\" \/>\n\t\t\t\t\t\t\t\t\t\t\t\t\t\t\t<\/a>\n\t\t\t\t\t\t\t\t\t\t\t\t\t\t\t\t\t\t\t\t\t\t\t\t\t<\/p>\n\t\t\t\t\t\t\t\t\t\t\t\t\t\t\t\t\t\t\t\t\t\t\t\t\t<div style=\"width:220px;\" class=\"gllr_single_image_text gllr_single_image_text_under\">&nbsp;<\/div>\n\t\t\t\t\t\t\t\t\t\t\t\t\t\t\t\t\t\t\t\t\t\t\t<\/div><!-- .gllr_image_block -->\n\t\t\t\t\t\t\t\t\t\t\t\t\t\t\t\t\t\t\t\t\t<\/div><!-- .gllr_image_row -->\n\t\t\t\t\t\t\t\t\t\t\t\t\t\t\t\t\t\t<\/div><!-- .gallery.clearfix -->\n\t\t\t\t\t\t\t\t\t\t\t\t\t<\/div><!-- .gallery_box_single -->\n\t\t\t\t\t\t<div class=\"gllr_clear\"><\/div>\n\t\t\t\t\t\n","protected":false},"excerpt":{"rendered":"<p>Gasilska oznaka:\u00a0GVM-1 Vzdevek:\u00a0\u00a0Hr\u010dek Model:\u00a0Volkswagen, Transporter T5 2.0 TDI 4M Nadgradnja:\u00a0IVL d.o.o. Posadka:\u00a01+8 Gasilsko vozilo za prevoz mo\u0161tva, kot \u017ee samo ime pove, uporabljamo za prevoz devetih gasilcev na kraj intervencije. <a class=\"more-link\" href=\"https:\/\/nova.pgdig.si\/?gallery=gvm-1\">Prika\u017ei ve\u010d\u2192<\/a><\/p>\n","protected":false},"author":1,"featured_media":0,"parent":543,"menu_order":0,"comment_status":"closed","ping_status":"closed","template":"","meta":[],"_links":{"self":[{"href":"https:\/\/nova.pgdig.si\/index.php?rest_route=\/wp\/v2\/pages\/531"}],"collection":[{"href":"https:\/\/nova.pgdig.si\/index.php?rest_route=\/wp\/v2\/pages"}],"about":[{"href":"https:\/\/nova.pgdig.si\/index.php?rest_route=\/wp\/v2\/types\/page"}],"author":[{"embeddable":true,"href":"https:\/\/nova.pgdig.si\/index.php?rest_route=\/wp\/v2\/users\/1"}],"replies":[{"embeddable":true,"href":"https:\/\/nova.pgdig.si\/index.php?rest_route=%2Fwp%2Fv2%2Fcomments&post=531"}],"version-history":[{"count":16,"href":"https:\/\/nova.pgdig.si\/index.php?rest_route=\/wp\/v2\/pages\/531\/revisions"}],"predecessor-version":[{"id":1311,"href":"https:\/\/nova.pgdig.si\/index.php?rest_route=\/wp\/v2\/pages\/531\/revisions\/1311"}],"up":[{"embeddable":true,"href":"https:\/\/nova.pgdig.si\/index.php?rest_route=\/wp\/v2\/pages\/543"}],"wp:attachment":[{"href":"https:\/\/nova.pgdig.si\/index.php?rest_route=%2Fwp%2Fv2%2Fmedia&parent=531"}],"curies":[{"name":"wp","href":"https:\/\/api.w.org\/{rel}","templated":true}]}}