{"id":534,"date":"2016-04-20T16:20:43","date_gmt":"2016-04-20T14:20:43","guid":{"rendered":"http:\/\/www.pgdig.si\/?page_id=534"},"modified":"2016-11-12T21:08:35","modified_gmt":"2016-11-12T20:08:35","slug":"poveljnisko-vozilo","status":"publish","type":"page","link":"https:\/\/nova.pgdig.si\/?page_id=534","title":{"rendered":"Gasilsko vozilo zveze"},"content":{"rendered":"<p><strong>Gasilska oznaka:<\/strong> GVZ-1<a href=\"http:\/\/nova.pgdig.si\/wp-content\/uploads\/2016\/04\/Optimized-IMG_0595.jpg\" rel=\"lightbox[gvz1]\"><img loading=\"lazy\" class=\"alignright wp-image-944\" src=\"http:\/\/nova.pgdig.si\/wp-content\/uploads\/2016\/04\/Optimized-IMG_0595-400x300.jpg\" alt=\"Optimized-IMG_0595\" width=\"280\" height=\"210\" srcset=\"https:\/\/nova.pgdig.si\/wp-content\/uploads\/2016\/04\/Optimized-IMG_0595-400x300.jpg 400w, https:\/\/nova.pgdig.si\/wp-content\/uploads\/2016\/04\/Optimized-IMG_0595-300x225.jpg 300w, https:\/\/nova.pgdig.si\/wp-content\/uploads\/2016\/04\/Optimized-IMG_0595-900x675.jpg 900w, https:\/\/nova.pgdig.si\/wp-content\/uploads\/2016\/04\/Optimized-IMG_0595-160x120.jpg 160w, https:\/\/nova.pgdig.si\/wp-content\/uploads\/2016\/04\/Optimized-IMG_0595.jpg 933w\" sizes=\"(max-width: 280px) 100vw, 280px\" \/><\/a><br \/>\n<strong>Vzdevek:\u00a0 <\/strong>Ablast<br \/>\n<strong>Model:<\/strong> Nissan Qashqai<br \/>\n<strong>Nadgradnja:<\/strong> IVL d.o.o.<br \/>\n<strong>Posadka:<\/strong> 1+4<\/p>\n<p>Gasilsko vozilo zveze se nahaja v prostorih PGD Ig. Kupljeno je bilo za potrebe gasilske zveze Ig in za koordinacijo dru\u0161tev ob ve\u010djih in zahtevnej\u0161ih intervencijah.<\/p>\n<p>&nbsp;<\/p>\n<p><a href=\"http:\/\/nova.pgdig.si\/wp-content\/uploads\/2016\/04\/Optimized-IMG_0603.jpg\" rel=\"lightbox[gvz1]\"><img loading=\"lazy\" class=\"alignleft wp-image-945\" src=\"http:\/\/nova.pgdig.si\/wp-content\/uploads\/2016\/04\/Optimized-IMG_0603-400x300.jpg\" alt=\"Optimized-IMG_0603\" width=\"280\" height=\"210\" srcset=\"https:\/\/nova.pgdig.si\/wp-content\/uploads\/2016\/04\/Optimized-IMG_0603-400x300.jpg 400w, https:\/\/nova.pgdig.si\/wp-content\/uploads\/2016\/04\/Optimized-IMG_0603-300x225.jpg 300w, https:\/\/nova.pgdig.si\/wp-content\/uploads\/2016\/04\/Optimized-IMG_0603-900x675.jpg 900w, https:\/\/nova.pgdig.si\/wp-content\/uploads\/2016\/04\/Optimized-IMG_0603-160x120.jpg 160w, https:\/\/nova.pgdig.si\/wp-content\/uploads\/2016\/04\/Optimized-IMG_0603.jpg 933w\" sizes=\"(max-width: 280px) 100vw, 280px\" \/><\/a><\/p>\n<p>Vozilo je ima prostor za pet gasilcev, v prtlja\u017eniku pa se nahaja prva pomo\u010d in gasilni aparati.<\/p>\n<p>&nbsp;<\/p>\n<p>&nbsp;<\/p>\n<p>&nbsp;<\/p>\n<p>&nbsp;<\/p>\n\t\t\t\t\t\t<div class=\"gallery_box_single\">\n\t\t\t\t\t\t\t\t\t\t\t\t\t\t\t<div class=\"gallery gllr_grid\" data-gllr-columns=\"3\" data-gllr-border-width=\"10\">\n\t\t\t\t\t\t\t\t\t\t\t\t\t\t\t\t\t\t\t\t<div class=\"gllr_image_row\">\n\t\t\t\t\t\t\t\t\t\t\t\t\t\t\t\t\t\t\t\t\t<div class=\"gllr_image_block\">\n\t\t\t\t\t\t\t\t\t\t\t\t<p style=\"width:220px;height:220px;\">\n\t\t\t\t\t\t\t\t\t\t\t\t\t\t\t\t\t\t\t\t\t\t\t\t\t\t\t\t<a data-fancybox=\"gallery_fancybox_946\" href=\"https:\/\/nova.pgdig.si\/wp-content\/uploads\/2016\/05\/Optimized-IMG_0602.JPG\" title=\"\" >\n\t\t\t\t\t\t\t\t\t\t\t\t\t\t\t\t<img width=\"200\"height=\"200\" style=\"width:200px;height:200px;border-width: 10px; border-color:#F1F1F1;border: 10px solid #F1F1F1\" alt=\"\" title=\"\" src=\"https:\/\/nova.pgdig.si\/wp-content\/uploads\/2016\/05\/Optimized-IMG_0602-200x200.jpg\" rel=\"https:\/\/nova.pgdig.si\/wp-content\/uploads\/2016\/05\/Optimized-IMG_0602.JPG\" \/>\n\t\t\t\t\t\t\t\t\t\t\t\t\t\t\t<\/a>\n\t\t\t\t\t\t\t\t\t\t\t\t\t\t\t\t\t\t\t\t\t\t\t\t\t<\/p>\n\t\t\t\t\t\t\t\t\t\t\t\t\t\t\t\t\t\t\t\t\t\t\t\t\t<div style=\"width:220px;\" class=\"gllr_single_image_text gllr_single_image_text_under\">&nbsp;<\/div>\n\t\t\t\t\t\t\t\t\t\t\t\t\t\t\t\t\t\t\t\t\t\t\t<\/div><!-- .gllr_image_block -->\n\t\t\t\t\t\t\t\t\t\t\t\t\t\t\t\t\t\t\t\t\t<div class=\"gllr_image_block\">\n\t\t\t\t\t\t\t\t\t\t\t\t<p style=\"width:220px;height:220px;\">\n\t\t\t\t\t\t\t\t\t\t\t\t\t\t\t\t\t\t\t\t\t\t\t\t\t\t\t\t<a data-fancybox=\"gallery_fancybox_946\" href=\"https:\/\/nova.pgdig.si\/wp-content\/uploads\/2016\/05\/Optimized-IMG_0596.JPG\" title=\"\" >\n\t\t\t\t\t\t\t\t\t\t\t\t\t\t\t\t<img width=\"200\"height=\"200\" style=\"width:200px;height:200px;border-width: 10px; border-color:#F1F1F1;border: 10px solid #F1F1F1\" alt=\"\" title=\"\" src=\"https:\/\/nova.pgdig.si\/wp-content\/uploads\/2016\/05\/Optimized-IMG_0596-200x200.jpg\" rel=\"https:\/\/nova.pgdig.si\/wp-content\/uploads\/2016\/05\/Optimized-IMG_0596.JPG\" \/>\n\t\t\t\t\t\t\t\t\t\t\t\t\t\t\t<\/a>\n\t\t\t\t\t\t\t\t\t\t\t\t\t\t\t\t\t\t\t\t\t\t\t\t\t<\/p>\n\t\t\t\t\t\t\t\t\t\t\t\t\t\t\t\t\t\t\t\t\t\t\t\t\t<div style=\"width:220px;\" class=\"gllr_single_image_text gllr_single_image_text_under\">&nbsp;<\/div>\n\t\t\t\t\t\t\t\t\t\t\t\t\t\t\t\t\t\t\t\t\t\t\t<\/div><!-- .gllr_image_block -->\n\t\t\t\t\t\t\t\t\t\t\t\t\t\t\t\t\t\t\t\t\t<div class=\"gllr_image_block\">\n\t\t\t\t\t\t\t\t\t\t\t\t<p style=\"width:220px;height:220px;\">\n\t\t\t\t\t\t\t\t\t\t\t\t\t\t\t\t\t\t\t\t\t\t\t\t\t\t\t\t<a data-fancybox=\"gallery_fancybox_946\" href=\"https:\/\/nova.pgdig.si\/wp-content\/uploads\/2016\/05\/Optimized-IMG_0601.JPG\" title=\"\" >\n\t\t\t\t\t\t\t\t\t\t\t\t\t\t\t\t<img width=\"200\"height=\"200\" style=\"width:200px;height:200px;border-width: 10px; border-color:#F1F1F1;border: 10px solid #F1F1F1\" alt=\"\" title=\"\" src=\"https:\/\/nova.pgdig.si\/wp-content\/uploads\/2016\/05\/Optimized-IMG_0601-200x200.jpg\" rel=\"https:\/\/nova.pgdig.si\/wp-content\/uploads\/2016\/05\/Optimized-IMG_0601.JPG\" \/>\n\t\t\t\t\t\t\t\t\t\t\t\t\t\t\t<\/a>\n\t\t\t\t\t\t\t\t\t\t\t\t\t\t\t\t\t\t\t\t\t\t\t\t\t<\/p>\n\t\t\t\t\t\t\t\t\t\t\t\t\t\t\t\t\t\t\t\t\t\t\t\t\t<div style=\"width:220px;\" class=\"gllr_single_image_text gllr_single_image_text_under\">&nbsp;<\/div>\n\t\t\t\t\t\t\t\t\t\t\t\t\t\t\t\t\t\t\t\t\t\t\t<\/div><!-- .gllr_image_block -->\n\t\t\t\t\t\t\t\t\t\t\t\t\t\t\t\t\t\t\t\t\t<\/div><!-- .gllr_image_row -->\n\t\t\t\t\t\t\t\t\t\t\t\t\t\t\t\t\t\t\t\t\t<div class=\"gllr_image_row\">\n\t\t\t\t\t\t\t\t\t\t\t\t\t\t\t\t\t\t\t\t\t<div class=\"gllr_image_block\">\n\t\t\t\t\t\t\t\t\t\t\t\t<p style=\"width:220px;height:220px;\">\n\t\t\t\t\t\t\t\t\t\t\t\t\t\t\t\t\t\t\t\t\t\t\t\t\t\t\t\t<a data-fancybox=\"gallery_fancybox_946\" href=\"https:\/\/nova.pgdig.si\/wp-content\/uploads\/2016\/05\/Optimized-IMG_0600.JPG\" title=\"\" >\n\t\t\t\t\t\t\t\t\t\t\t\t\t\t\t\t<img width=\"200\"height=\"200\" style=\"width:200px;height:200px;border-width: 10px; border-color:#F1F1F1;border: 10px solid #F1F1F1\" alt=\"\" title=\"\" src=\"https:\/\/nova.pgdig.si\/wp-content\/uploads\/2016\/05\/Optimized-IMG_0600-200x200.jpg\" rel=\"https:\/\/nova.pgdig.si\/wp-content\/uploads\/2016\/05\/Optimized-IMG_0600.JPG\" \/>\n\t\t\t\t\t\t\t\t\t\t\t\t\t\t\t<\/a>\n\t\t\t\t\t\t\t\t\t\t\t\t\t\t\t\t\t\t\t\t\t\t\t\t\t<\/p>\n\t\t\t\t\t\t\t\t\t\t\t\t\t\t\t\t\t\t\t\t\t\t\t\t\t<div style=\"width:220px;\" class=\"gllr_single_image_text gllr_single_image_text_under\">&nbsp;<\/div>\n\t\t\t\t\t\t\t\t\t\t\t\t\t\t\t\t\t\t\t\t\t\t\t<\/div><!-- .gllr_image_block -->\n\t\t\t\t\t\t\t\t\t\t\t\t\t\t\t\t\t\t\t\t\t<div class=\"clear\"><\/div>\n\t\t\t\t\t\t\t\t\t\t<\/div><!-- .gllr_image_row -->\n\t\t\t\t\t\t\t\t\t\t\t\t\t\t\t\t\t<\/div><!-- .gallery.clearfix -->\n\t\t\t\t\t\t\t\t\t\t\t\t\t<\/div><!-- .gallery_box_single -->\n\t\t\t\t\t\t<div class=\"gllr_clear\"><\/div>\n\t\t\t\t\t\n","protected":false},"excerpt":{"rendered":"<p>Gasilska oznaka: GVZ-1 Vzdevek:\u00a0 Ablast Model: Nissan Qashqai Nadgradnja: IVL d.o.o. Posadka: 1+4 Gasilsko vozilo zveze se nahaja v prostorih PGD Ig. Kupljeno je bilo za potrebe gasilske zveze Ig <a class=\"more-link\" href=\"https:\/\/nova.pgdig.si\/?gallery=gvz-1\">Prika\u017ei ve\u010d\u2192<\/a><\/p>\n","protected":false},"author":1,"featured_media":0,"parent":543,"menu_order":0,"comment_status":"closed","ping_status":"closed","template":"","meta":[],"_links":{"self":[{"href":"https:\/\/nova.pgdig.si\/index.php?rest_route=\/wp\/v2\/pages\/534"}],"collection":[{"href":"https:\/\/nova.pgdig.si\/index.php?rest_route=\/wp\/v2\/pages"}],"about":[{"href":"https:\/\/nova.pgdig.si\/index.php?rest_route=\/wp\/v2\/types\/page"}],"author":[{"embeddable":true,"href":"https:\/\/nova.pgdig.si\/index.php?rest_route=\/wp\/v2\/users\/1"}],"replies":[{"embeddable":true,"href":"https:\/\/nova.pgdig.si\/index.php?rest_route=%2Fwp%2Fv2%2Fcomments&post=534"}],"version-history":[{"count":9,"href":"https:\/\/nova.pgdig.si\/index.php?rest_route=\/wp\/v2\/pages\/534\/revisions"}],"predecessor-version":[{"id":1301,"href":"https:\/\/nova.pgdig.si\/index.php?rest_route=\/wp\/v2\/pages\/534\/revisions\/1301"}],"up":[{"embeddable":true,"href":"https:\/\/nova.pgdig.si\/index.php?rest_route=\/wp\/v2\/pages\/543"}],"wp:attachment":[{"href":"https:\/\/nova.pgdig.si\/index.php?rest_route=%2Fwp%2Fv2%2Fmedia&parent=534"}],"curies":[{"name":"wp","href":"https:\/\/api.w.org\/{rel}","templated":true}]}}