{"id":543,"date":"2016-04-20T20:50:10","date_gmt":"2016-04-20T18:50:10","guid":{"rendered":"http:\/\/www.pgdig.si\/?page_id=543"},"modified":"2025-06-15T16:14:24","modified_gmt":"2025-06-15T14:14:24","slug":"vozila","status":"publish","type":"page","link":"https:\/\/nova.pgdig.si\/?page_id=543","title":{"rendered":"Vozila"},"content":{"rendered":"<p><a href=\"http:\/\/nova.pgdig.si\/wp-content\/uploads\/2025\/06\/vozila-pgd-ig.jpg\"><img loading=\"lazy\" class=\"aligncenter wp-image-2392 size-medium\" src=\"http:\/\/nova.pgdig.si\/wp-content\/uploads\/2025\/06\/vozila-pgd-ig-400x300.jpg\" alt=\"\" width=\"400\" height=\"300\" srcset=\"https:\/\/nova.pgdig.si\/wp-content\/uploads\/2025\/06\/vozila-pgd-ig-400x300.jpg 400w, https:\/\/nova.pgdig.si\/wp-content\/uploads\/2025\/06\/vozila-pgd-ig-1024x768.jpg 1024w, https:\/\/nova.pgdig.si\/wp-content\/uploads\/2025\/06\/vozila-pgd-ig-768x576.jpg 768w, https:\/\/nova.pgdig.si\/wp-content\/uploads\/2025\/06\/vozila-pgd-ig-1536x1152.jpg 1536w, https:\/\/nova.pgdig.si\/wp-content\/uploads\/2025\/06\/vozila-pgd-ig-350x263.jpg 350w, https:\/\/nova.pgdig.si\/wp-content\/uploads\/2025\/06\/vozila-pgd-ig.jpg 1600w\" sizes=\"(max-width: 400px) 100vw, 400px\" \/><\/a><\/p>\n<p>Prostovoljno gasilsko dru\u0161tvo Ig ima v svojih gara\u017eah 7 razli\u010dnih gasilskih vozil in eno prikolico. Dve vozili sta last gasilske zveze Ig ostalih pet vozila pa so last dru\u0161tva. Z voznim parkom lahko zagotovimo ob\u010danom in ob\u010dankam hitro in varno posredovanje v primeru intervencije. Na\u0161 vozni park je sestavljen iz:<\/p>\n<p style=\"text-align: left;\"><a href=\"http:\/\/nova.pgdig.si\/?page_id=531\">VOZILO 1 (GVM-1)<\/a><\/p>\n<p style=\"text-align: left;\"><a href=\"http:\/\/nova.pgdig.si\/?page_id=530\">VOZILO 2 (GVC 16\/25)<\/a><\/p>\n<p style=\"text-align: left;\"><a href=\"http:\/\/nova.pgdig.si\/?page_id=519\">VOZILO 3 (GVC 24\/50)<\/a><\/p>\n<p style=\"text-align: left;\"><a href=\"http:\/\/nova.pgdig.si\/?page_id=532\">VOZILO 4 (GVGP 2)<\/a><\/p>\n<p><a href=\"http:\/\/nova.pgdig.si\/?page_id=575\">VOZILO 5 (GV-1 TAM)<\/a><\/p>\n<p><a href=\"http:\/\/nova.pgdig.si\/?page_id=575\">VOZILO 6 (GTV)<\/a><\/p>\n<p><a href=\"http:\/\/nova.pgdig.si\/?page_id=534 \">GASILSKO VOZILO ZVEZE (GVZ-1)\u00a0 \u00a0\u00a0<\/a><\/p>\n","protected":false},"excerpt":{"rendered":"<p>Prostovoljno gasilsko dru\u0161tvo Ig ima v svojih gara\u017eah 7 razli\u010dnih gasilskih vozil in eno prikolico. Dve vozili sta last gasilske zveze Ig ostalih pet vozila pa so last dru\u0161tva. Z <a class=\"more-link\" href=\"https:\/\/nova.pgdig.si\/?page_id=543\">Prika\u017ei ve\u010d\u2192<\/a><\/p>\n","protected":false},"author":1,"featured_media":0,"parent":0,"menu_order":0,"comment_status":"closed","ping_status":"closed","template":"","meta":[],"_links":{"self":[{"href":"https:\/\/nova.pgdig.si\/index.php?rest_route=\/wp\/v2\/pages\/543"}],"collection":[{"href":"https:\/\/nova.pgdig.si\/index.php?rest_route=\/wp\/v2\/pages"}],"about":[{"href":"https:\/\/nova.pgdig.si\/index.php?rest_route=\/wp\/v2\/types\/page"}],"author":[{"embeddable":true,"href":"https:\/\/nova.pgdig.si\/index.php?rest_route=\/wp\/v2\/users\/1"}],"replies":[{"embeddable":true,"href":"https:\/\/nova.pgdig.si\/index.php?rest_route=%2Fwp%2Fv2%2Fcomments&post=543"}],"version-history":[{"count":34,"href":"https:\/\/nova.pgdig.si\/index.php?rest_route=\/wp\/v2\/pages\/543\/revisions"}],"predecessor-version":[{"id":2394,"href":"https:\/\/nova.pgdig.si\/index.php?rest_route=\/wp\/v2\/pages\/543\/revisions\/2394"}],"wp:attachment":[{"href":"https:\/\/nova.pgdig.si\/index.php?rest_route=%2Fwp%2Fv2%2Fmedia&parent=543"}],"curies":[{"name":"wp","href":"https:\/\/api.w.org\/{rel}","templated":true}]}}