{"id":666,"date":"2016-04-24T20:58:08","date_gmt":"2016-04-24T18:58:08","guid":{"rendered":"http:\/\/www.pgdig.si\/?page_id=666"},"modified":"2016-12-06T21:53:29","modified_gmt":"2016-12-06T20:53:29","slug":"operativne-vaje","status":"publish","type":"page","link":"https:\/\/nova.pgdig.si\/?page_id=666","title":{"rendered":"Operativne vaje"},"content":{"rendered":"<h3>Te\u010daj za motorno \u017eago 2016<\/h3>\n\t\t\t\t<div class=\"gallery_box\">\n\t\t\t\t\t<ul>\n\t\t\t\t\t\t\t\t\t\t\t\t\t<li>\n\t\t\t\t\t\t\t\t<a rel=\"bookmark\" href=\"https:\/\/nova.pgdig.si\/?gallery=tecaj-za-motorno-zago-2016\" title=\"Te\u010daj za motorno \u017eago 2016\">\n\t\t\t\t\t\t\t\t\t<img width=\"400\"height=\"400\" style=\"width:400px;height:400px;border-width: 10px; border-color:#F1F1F1;border: 10px solid #F1F1F1\" alt=\"Te\u010daj za motorno \u017eago 2016\" title=\"Te\u010daj za motorno \u017eago 2016\" src=\"https:\/\/nova.pgdig.si\/wp-content\/uploads\/2016\/12\/Optimized-15409741_1267313876624499_738358915_o-300x400.jpg\" \/>\n\t\t\t\t\t\t\t\t<\/a>\n\t\t\t\t\t\t\t\t<div class=\"gallery_detail_box\">\n\t\t\t\t\t\t\t\t\t<div class=\"gllr_detail_title\">Te\u010daj za motorno \u017eago 2016<\/div>\n\t\t\t\t\t\t\t\t\t<div class=\"gllr_detail_excerpt\">V petek 2.12.2016 in soboto 3.12.2016 je v ob\u010dini Ig potekal gasilki te\u010daj za motorno \u017eago. ...<\/div>\n\t\t\t\t\t\t\t\t\t<a href=\"https:\/\/nova.pgdig.si\/?gallery=tecaj-za-motorno-zago-2016\">See photo &raquo;<\/a>\n\t\t\t\t\t\t\t\t<\/div><!-- .gallery_detail_box -->\n\t\t\t\t\t\t\t\t<div class=\"gllr_clear\"><\/div>\n\t\t\t\t\t\t\t<\/li>\n\t\t\t\t\t\t\t\t\t\t\t<\/ul>\n\t\t\t\t<\/div><!-- .gallery_box -->\n\t\t\t\n<h3>Mesec po\u017earne varnosti na O\u0160 Ig 2016<\/h3>\n\t\t\t\t<div class=\"gallery_box\">\n\t\t\t\t\t<ul>\n\t\t\t\t\t\t\t\t\t\t\t\t\t<li>\n\t\t\t\t\t\t\t\t<a rel=\"bookmark\" href=\"https:\/\/nova.pgdig.si\/?gallery=mesec-pozarne-varnosti-na-os-ig-2016\" title=\"Mesec po\u017earne varnosti na O\u0160 Ig 2016\">\n\t\t\t\t\t\t\t\t\t<img width=\"400\"height=\"400\" style=\"width:400px;height:400px;border-width: 10px; border-color:#F1F1F1;border: 10px solid #F1F1F1\" alt=\"Mesec po\u017earne varnosti na O\u0160 Ig 2016\" title=\"Mesec po\u017earne varnosti na O\u0160 Ig 2016\" src=\"https:\/\/nova.pgdig.si\/wp-content\/uploads\/2016\/10\/jesen1617-001-400x267.jpg\" \/>\n\t\t\t\t\t\t\t\t<\/a>\n\t\t\t\t\t\t\t\t<div class=\"gallery_detail_box\">\n\t\t\t\t\t\t\t\t\t<div class=\"gllr_detail_title\">Mesec po\u017earne varnosti na O\u0160 Ig 2016<\/div>\n\t\t\t\t\t\t\t\t\t<div class=\"gllr_detail_excerpt\">V ponedeljek in torek, 24. in 25.10.2016 smo \u010dlani PGD Ig na Osnovni \u0161oli Ig organizirali ...<\/div>\n\t\t\t\t\t\t\t\t\t<a href=\"https:\/\/nova.pgdig.si\/?gallery=mesec-pozarne-varnosti-na-os-ig-2016\">See photo &raquo;<\/a>\n\t\t\t\t\t\t\t\t<\/div><!-- .gallery_detail_box -->\n\t\t\t\t\t\t\t\t<div class=\"gllr_clear\"><\/div>\n\t\t\t\t\t\t\t<\/li>\n\t\t\t\t\t\t\t\t\t\t\t<\/ul>\n\t\t\t\t<\/div><!-- .gallery_box -->\n\t\t\t\n<h3>Evakuacijska vaja 2016 &#8211; Vrtec Ig Krim\u010dek<\/h3>\n\t\t\t\t<div class=\"gallery_box\">\n\t\t\t\t\t<ul>\n\t\t\t\t\t\t\t\t\t\t\t\t\t<li>\n\t\t\t\t\t\t\t\t<a rel=\"bookmark\" href=\"https:\/\/nova.pgdig.si\/?gallery=evakuacijska-vaja-2016-vrtec-ig-krimcek\" title=\"Evakuacijska vaja 2016 &#8211; Vrtec Ig Krim\u010dek\">\n\t\t\t\t\t\t\t\t\t<img width=\"400\"height=\"400\" style=\"width:400px;height:400px;border-width: 10px; border-color:#F1F1F1;border: 10px solid #F1F1F1\" alt=\"Evakuacijska vaja 2016 &#8211; Vrtec Ig Krim\u010dek\" title=\"Evakuacijska vaja 2016 &#8211; Vrtec Ig Krim\u010dek\" src=\"https:\/\/nova.pgdig.si\/wp-content\/uploads\/2016\/05\/Optimized-IMG_0513-400x300.jpg\" \/>\n\t\t\t\t\t\t\t\t<\/a>\n\t\t\t\t\t\t\t\t<div class=\"gallery_detail_box\">\n\t\t\t\t\t\t\t\t\t<div class=\"gllr_detail_title\">Evakuacijska vaja 2016 &#8211; Vrtec Ig Krim\u010dek<\/div>\n\t\t\t\t\t\t\t\t\t<div class=\"gllr_detail_excerpt\">V sredo 18.5.2016 smo se gasilci prostovoljnega gasilskega dru\u0161tva Ig udele\u017eili\u00a0evakuacijske ...<\/div>\n\t\t\t\t\t\t\t\t\t<a href=\"https:\/\/nova.pgdig.si\/?gallery=evakuacijska-vaja-2016-vrtec-ig-krimcek\">See photo &raquo;<\/a>\n\t\t\t\t\t\t\t\t<\/div><!-- .gallery_detail_box -->\n\t\t\t\t\t\t\t\t<div class=\"gllr_clear\"><\/div>\n\t\t\t\t\t\t\t<\/li>\n\t\t\t\t\t\t\t\t\t\t\t<\/ul>\n\t\t\t\t<\/div><!-- .gallery_box -->\n\t\t\t\n<h3>WEBER RESCUE<\/h3>\n\t\t\t\t<div class=\"gallery_box\">\n\t\t\t\t\t<ul>\n\t\t\t\t\t\t\t\t\t\t\t\t\t<li>\n\t\t\t\t\t\t\t\t<a rel=\"bookmark\" href=\"https:\/\/nova.pgdig.si\/?gallery=weber-rescue-2\" title=\"Weber rescue\">\n\t\t\t\t\t\t\t\t\t<img width=\"400\"height=\"400\" style=\"width:400px;height:400px;border-width: 10px; border-color:#F1F1F1;border: 10px solid #F1F1F1\" alt=\"Weber rescue\" title=\"Weber rescue\" src=\"https:\/\/nova.pgdig.si\/wp-content\/uploads\/2016\/04\/Optimized-IMG_0247 (3)-400x300.jpg\" \/>\n\t\t\t\t\t\t\t\t<\/a>\n\t\t\t\t\t\t\t\t<div class=\"gallery_detail_box\">\n\t\t\t\t\t\t\t\t\t<div class=\"gllr_detail_title\">Weber rescue<\/div>\n\t\t\t\t\t\t\t\t\t<div class=\"gllr_detail_excerpt\"><\/div>\n\t\t\t\t\t\t\t\t\t<a href=\"https:\/\/nova.pgdig.si\/?gallery=weber-rescue-2\">See photo &raquo;<\/a>\n\t\t\t\t\t\t\t\t<\/div><!-- .gallery_detail_box -->\n\t\t\t\t\t\t\t\t<div class=\"gllr_clear\"><\/div>\n\t\t\t\t\t\t\t<\/li>\n\t\t\t\t\t\t\t\t\t\t\t<\/ul>\n\t\t\t\t<\/div><!-- .gallery_box -->\n\t\t\t\n<h3><\/h3>\n<p><a title=\"Galerija\" href=\"http:\/\/nova.pgdig.si\/?page_id=58\">\u00ab Nazaj na Galerijo<\/a><\/p>\n","protected":false},"excerpt":{"rendered":"<p>Te\u010daj za motorno \u017eago 2016 Mesec po\u017earne varnosti na O\u0160 Ig 2016 Evakuacijska vaja 2016 &#8211; Vrtec Ig Krim\u010dek WEBER RESCUE \u00ab Nazaj na Galerijo<\/p>\n","protected":false},"author":1,"featured_media":0,"parent":58,"menu_order":0,"comment_status":"closed","ping_status":"closed","template":"","meta":[],"_links":{"self":[{"href":"https:\/\/nova.pgdig.si\/index.php?rest_route=\/wp\/v2\/pages\/666"}],"collection":[{"href":"https:\/\/nova.pgdig.si\/index.php?rest_route=\/wp\/v2\/pages"}],"about":[{"href":"https:\/\/nova.pgdig.si\/index.php?rest_route=\/wp\/v2\/types\/page"}],"author":[{"embeddable":true,"href":"https:\/\/nova.pgdig.si\/index.php?rest_route=\/wp\/v2\/users\/1"}],"replies":[{"embeddable":true,"href":"https:\/\/nova.pgdig.si\/index.php?rest_route=%2Fwp%2Fv2%2Fcomments&post=666"}],"version-history":[{"count":17,"href":"https:\/\/nova.pgdig.si\/index.php?rest_route=\/wp\/v2\/pages\/666\/revisions"}],"predecessor-version":[{"id":1389,"href":"https:\/\/nova.pgdig.si\/index.php?rest_route=\/wp\/v2\/pages\/666\/revisions\/1389"}],"up":[{"embeddable":true,"href":"https:\/\/nova.pgdig.si\/index.php?rest_route=\/wp\/v2\/pages\/58"}],"wp:attachment":[{"href":"https:\/\/nova.pgdig.si\/index.php?rest_route=%2Fwp%2Fv2%2Fmedia&parent=666"}],"curies":[{"name":"wp","href":"https:\/\/api.w.org\/{rel}","templated":true}]}}