{"id":784,"date":"2016-05-13T11:36:51","date_gmt":"2016-05-13T09:36:51","guid":{"rendered":"http:\/\/www.pgdig.si\/?page_id=784"},"modified":"2017-05-02T19:58:21","modified_gmt":"2017-05-02T17:58:21","slug":"svecani-dogodki","status":"publish","type":"page","link":"https:\/\/nova.pgdig.si\/?page_id=784","title":{"rendered":"Sve\u010dani dogodki"},"content":{"rendered":"<h3>Parada PGD Vrbljene-Strahomer 2017<\/h3>\n\t\t\t\t<div class=\"gallery_box\">\n\t\t\t\t\t<ul>\n\t\t\t\t\t\t\t\t\t\t\t\t\t<li>\n\t\t\t\t\t\t\t\t<a rel=\"bookmark\" href=\"https:\/\/nova.pgdig.si\/?gallery=parada-pgd-vrbljene-strahomer-2017\" title=\"Parada PGD Vrbljene-Strahomer 2017\">\n\t\t\t\t\t\t\t\t\t<img width=\"400\"height=\"400\" style=\"width:400px;height:400px;border-width: 10px; border-color:#F1F1F1;border: 10px solid #F1F1F1\" alt=\"Parada PGD Vrbljene-Strahomer 2017\" title=\"Parada PGD Vrbljene-Strahomer 2017\" src=\"https:\/\/nova.pgdig.si\/wp-content\/uploads\/2017\/05\/Optimized-18289844_1679261579045600_1073191505_o-400x300.jpg\" \/>\n\t\t\t\t\t\t\t\t<\/a>\n\t\t\t\t\t\t\t\t<div class=\"gallery_detail_box\">\n\t\t\t\t\t\t\t\t\t<div class=\"gllr_detail_title\">Parada PGD Vrbljene-Strahomer 2017<\/div>\n\t\t\t\t\t\t\t\t\t<div class=\"gllr_detail_excerpt\">V nedeljo, 30.4.2017 so se \u010dlani PGD Ig udele\u017eili parade, ki jo jo je organiziral PGD ...<\/div>\n\t\t\t\t\t\t\t\t\t<a href=\"https:\/\/nova.pgdig.si\/?gallery=parada-pgd-vrbljene-strahomer-2017\">See photo &raquo;<\/a>\n\t\t\t\t\t\t\t\t<\/div><!-- .gallery_detail_box -->\n\t\t\t\t\t\t\t\t<div class=\"gllr_clear\"><\/div>\n\t\t\t\t\t\t\t<\/li>\n\t\t\t\t\t\t\t\t\t\t\t<\/ul>\n\t\t\t\t<\/div><!-- .gallery_box -->\n\t\t\t\n<h3>134. Ob\u010dni zbor<\/h3>\n<div id=\"Gallery-Shortcode\" class=\"postbox \">\n<div class=\"inside\">\n<p><span class=\"bws_code\">\t\t\t\t<div class=\"gallery_box\">\n\t\t\t\t\t<ul>\n\t\t\t\t\t\t\t\t\t\t\t\t\t<li>\n\t\t\t\t\t\t\t\t<a rel=\"bookmark\" href=\"https:\/\/nova.pgdig.si\/?gallery=134-obcni-zbor\" title=\"134. Ob\u010dni zbor\">\n\t\t\t\t\t\t\t\t\t<img width=\"400\"height=\"400\" style=\"width:400px;height:400px;border-width: 10px; border-color:#F1F1F1;border: 10px solid #F1F1F1\" alt=\"134. Ob\u010dni zbor\" title=\"134. Ob\u010dni zbor\" src=\"https:\/\/nova.pgdig.si\/wp-content\/uploads\/2017\/03\/Optimized-IMG_0924-300x400.jpg\" \/>\n\t\t\t\t\t\t\t\t<\/a>\n\t\t\t\t\t\t\t\t<div class=\"gallery_detail_box\">\n\t\t\t\t\t\t\t\t\t<div class=\"gllr_detail_title\">134. Ob\u010dni zbor<\/div>\n\t\t\t\t\t\t\t\t\t<div class=\"gllr_detail_excerpt\">V soboto,11.3.2017 ob 18:00, smo se \u010dlani Prostovoljnega gasilskega dru\u0161tva Ig zbrali na ...<\/div>\n\t\t\t\t\t\t\t\t\t<a href=\"https:\/\/nova.pgdig.si\/?gallery=134-obcni-zbor\">See photo &raquo;<\/a>\n\t\t\t\t\t\t\t\t<\/div><!-- .gallery_detail_box -->\n\t\t\t\t\t\t\t\t<div class=\"gllr_clear\"><\/div>\n\t\t\t\t\t\t\t<\/li>\n\t\t\t\t\t\t\t\t\t\t\t<\/ul>\n\t\t\t\t<\/div><!-- .gallery_box -->\n\t\t\t<\/span><\/p>\n<\/div>\n<\/div>\n<div id=\"submitdiv\" class=\"postbox \"><\/div>\n<h3>Ob\u010dni zbor mladine<\/h3>\n\t\t\t\t<div class=\"gallery_box\">\n\t\t\t\t\t<ul>\n\t\t\t\t\t\t\t\t\t\t\t\t\t<li>\n\t\t\t\t\t\t\t\t<a rel=\"bookmark\" href=\"https:\/\/nova.pgdig.si\/?gallery=obcni-zbor-mladine\" title=\"Ob\u010dni zbor mladine\">\n\t\t\t\t\t\t\t\t\t<img width=\"400\"height=\"400\" style=\"width:400px;height:400px;border-width: 10px; border-color:#F1F1F1;border: 10px solid #F1F1F1\" alt=\"Ob\u010dni zbor mladine\" title=\"Ob\u010dni zbor mladine\" src=\"https:\/\/nova.pgdig.si\/wp-content\/uploads\/2017\/03\/17194158_1365303273492382_311717130_o-400x300.jpg\" \/>\n\t\t\t\t\t\t\t\t<\/a>\n\t\t\t\t\t\t\t\t<div class=\"gallery_detail_box\">\n\t\t\t\t\t\t\t\t\t<div class=\"gllr_detail_title\">Ob\u010dni zbor mladine<\/div>\n\t\t\t\t\t\t\t\t\t<div class=\"gllr_detail_excerpt\">V \u010detrtek, 9.3.2017 ob 17.00, so se skupaj z mentorico mladine Vesno Toni, v prostorih ...<\/div>\n\t\t\t\t\t\t\t\t\t<a href=\"https:\/\/nova.pgdig.si\/?gallery=obcni-zbor-mladine\">See photo &raquo;<\/a>\n\t\t\t\t\t\t\t\t<\/div><!-- .gallery_detail_box -->\n\t\t\t\t\t\t\t\t<div class=\"gllr_clear\"><\/div>\n\t\t\t\t\t\t\t<\/li>\n\t\t\t\t\t\t\t\t\t\t\t<\/ul>\n\t\t\t\t<\/div><!-- .gallery_box -->\n\t\t\t\n<h3>Florijanova ma\u0161a 2016<\/h3>\n\t\t\t\t<div class=\"gallery_box\">\n\t\t\t\t\t<ul>\n\t\t\t\t\t\t\t\t\t\t\t\t\t<li>\n\t\t\t\t\t\t\t\t<a rel=\"bookmark\" href=\"https:\/\/nova.pgdig.si\/?gallery=florijanova-masa-2016\" title=\"Florijanova ma\u0161a 2016\">\n\t\t\t\t\t\t\t\t\t<img width=\"400\"height=\"400\" style=\"width:400px;height:400px;border-width: 10px; border-color:#F1F1F1;border: 10px solid #F1F1F1\" alt=\"Florijanova ma\u0161a 2016\" title=\"Florijanova ma\u0161a 2016\" src=\"https:\/\/nova.pgdig.si\/wp-content\/uploads\/2016\/05\/florijanovamasa-400x300.jpg\" \/>\n\t\t\t\t\t\t\t\t<\/a>\n\t\t\t\t\t\t\t\t<div class=\"gallery_detail_box\">\n\t\t\t\t\t\t\t\t\t<div class=\"gllr_detail_title\">Florijanova ma\u0161a 2016<\/div>\n\t\t\t\t\t\t\t\t\t<div class=\"gllr_detail_excerpt\">V nedeljo, 08. maja je bila na Igu v cerkvi Sv. Martina Florjanova ma\u0161a. Organizacijo ...<\/div>\n\t\t\t\t\t\t\t\t\t<a href=\"https:\/\/nova.pgdig.si\/?gallery=florijanova-masa-2016\">See photo &raquo;<\/a>\n\t\t\t\t\t\t\t\t<\/div><!-- .gallery_detail_box -->\n\t\t\t\t\t\t\t\t<div class=\"gllr_clear\"><\/div>\n\t\t\t\t\t\t\t<\/li>\n\t\t\t\t\t\t\t\t\t\t\t<\/ul>\n\t\t\t\t<\/div><!-- .gallery_box -->\n\t\t\t\n<p><a title=\"Galerija\" href=\"http:\/\/nova.pgdig.si\/?page_id=58\">Nazaj na Galerijo<\/a><\/p>\n<p>&nbsp;<\/p>\n","protected":false},"excerpt":{"rendered":"<p>Parada PGD Vrbljene-Strahomer 2017 134. Ob\u010dni zbor Ob\u010dni zbor mladine Florijanova ma\u0161a 2016 Nazaj na Galerijo &nbsp;<\/p>\n","protected":false},"author":1,"featured_media":0,"parent":58,"menu_order":0,"comment_status":"closed","ping_status":"closed","template":"","meta":[],"_links":{"self":[{"href":"https:\/\/nova.pgdig.si\/index.php?rest_route=\/wp\/v2\/pages\/784"}],"collection":[{"href":"https:\/\/nova.pgdig.si\/index.php?rest_route=\/wp\/v2\/pages"}],"about":[{"href":"https:\/\/nova.pgdig.si\/index.php?rest_route=\/wp\/v2\/types\/page"}],"author":[{"embeddable":true,"href":"https:\/\/nova.pgdig.si\/index.php?rest_route=\/wp\/v2\/users\/1"}],"replies":[{"embeddable":true,"href":"https:\/\/nova.pgdig.si\/index.php?rest_route=%2Fwp%2Fv2%2Fcomments&post=784"}],"version-history":[{"count":8,"href":"https:\/\/nova.pgdig.si\/index.php?rest_route=\/wp\/v2\/pages\/784\/revisions"}],"predecessor-version":[{"id":1590,"href":"https:\/\/nova.pgdig.si\/index.php?rest_route=\/wp\/v2\/pages\/784\/revisions\/1590"}],"up":[{"embeddable":true,"href":"https:\/\/nova.pgdig.si\/index.php?rest_route=\/wp\/v2\/pages\/58"}],"wp:attachment":[{"href":"https:\/\/nova.pgdig.si\/index.php?rest_route=%2Fwp%2Fv2%2Fmedia&parent=784"}],"curies":[{"name":"wp","href":"https:\/\/api.w.org\/{rel}","templated":true}]}}